{"id":2579,"date":"2022-10-04T11:04:32","date_gmt":"2022-10-04T09:04:32","guid":{"rendered":"https:\/\/www.stiftung-mensch-und-tier.ch\/stiftung-mensch-und-tier\/"},"modified":"2023-12-08T16:35:34","modified_gmt":"2023-12-08T15:35:34","slug":"stiftung-mensch-und-tier","status":"publish","type":"page","link":"https:\/\/www.stiftung-mensch-und-tier.ch\/fr\/","title":{"rendered":"Home"},"content":{"rendered":"<section class=\"block-1-hero\" style=\" padding-top: 0rem; padding-bottom: rem;\">\n\t\t<div class=\"container\">\n\t\t<div class=\"flexRow\">\n\t\t\t<div class=\"col-xs-12 col-sm-6 sliderCol\">\n\t\t\t\t<div class=\"heroSliderWrap\">\n\t\t\t\t\t<div class=\"heroSliderInnerWrap\">\n\t\t\t\t\t\t\t\t\t\t\t\t\t\t<div class=\"slideWrap\" style=\"background-image: url('https:\/\/www.stiftung-mensch-und-tier.ch\/wp-content\/uploads\/2023\/01\/Ira-im-Garten-2-scaled.jpg'); background-position-x: 30%; background-position-y: 30%;\">\n\t\t\t\t\t\t\t\t<\/div>\n\t\t\t\t\t\t\t\t\t\t\t\t\t\t\t<div class=\"slideWrap\" style=\"background-image: url('https:\/\/www.stiftung-mensch-und-tier.ch\/wp-content\/uploads\/2023\/01\/Gebaeude-mit-Kindern-1-scaled.jpg'); background-position-x: 40%; background-position-y: 37%;\">\n\t\t\t\t\t\t\t\t<\/div>\n\t\t\t\t\t\t\t\t\t\t\t\t\t\t\t<div class=\"slideWrap\" style=\"background-image: url('https:\/\/www.stiftung-mensch-und-tier.ch\/wp-content\/uploads\/2023\/01\/Wegwarte-mit-Biene-1-scaled.jpg'); background-position-x: 25%; background-position-y: 25%;\">\n\t\t\t\t\t\t\t\t<\/div>\n\t\t\t\t\t\t\t\t\t\t\t\t\t\t\t<div class=\"slideWrap\" style=\"background-image: url('https:\/\/www.stiftung-mensch-und-tier.ch\/wp-content\/uploads\/2023\/01\/Kinder-ES-scaled.jpg'); background-position-x: 70%; background-position-y: 70%;\">\n\t\t\t\t\t\t\t\t<\/div>\n\t\t\t\t\t\t\t\t\t\t\t\t\t\t\t<div class=\"slideWrap\" style=\"background-image: url('https:\/\/www.stiftung-mensch-und-tier.ch\/wp-content\/uploads\/2023\/01\/Kinder-beobachten-3-scaled.jpg'); background-position-x: 50%; background-position-y: 50%;\">\n\t\t\t\t\t\t\t\t<\/div>\n\t\t\t\t\t\t\t\t\t\t\t\t\t\t\t<div class=\"slideWrap\" style=\"background-image: url('https:\/\/www.stiftung-mensch-und-tier.ch\/wp-content\/uploads\/2023\/01\/Ponys-mit-Julia-scaled.jpg'); background-position-x: 50%; background-position-y: 50%;\">\n\t\t\t\t\t\t\t\t<\/div>\n\t\t\t\t\t\t\t\t\t\t\t\t\t\t\t<div class=\"slideWrap\" style=\"background-image: url('https:\/\/www.stiftung-mensch-und-tier.ch\/wp-content\/uploads\/2023\/01\/Kinder-im-Stall-scaled.jpg'); background-position-x: 50%; background-position-y: 50%;\">\n\t\t\t\t\t\t\t\t<\/div>\n\t\t\t\t\t\t\t\t\t\t\t\t\t\t\t<div class=\"slideWrap\" style=\"background-image: url('https:\/\/www.stiftung-mensch-und-tier.ch\/wp-content\/uploads\/2023\/01\/Zeichnung-scaled.jpg'); background-position-x: 50%; background-position-y: 50%;\">\n\t\t\t\t\t\t\t\t<\/div>\n\t\t\t\t\t\t\t\t\t\t\t\t\t\t\t<div class=\"slideWrap\" style=\"background-image: url('https:\/\/www.stiftung-mensch-und-tier.ch\/wp-content\/uploads\/2023\/01\/Schweine-Adult-scaled.jpg'); background-position-x: 50%; background-position-y: 50%;\">\n\t\t\t\t\t\t\t\t<\/div>\n\t\t\t\t\t\t\t\t\t\t\t\t\t\t\t<div class=\"slideWrap\" style=\"background-image: url('https:\/\/www.stiftung-mensch-und-tier.ch\/wp-content\/uploads\/2023\/01\/Esel-Zahnbehandlung-1.jpg'); background-position-x: 50%; background-position-y: 50%;\">\n\t\t\t\t\t\t\t\t<\/div>\n\t\t\t\t\t\t\t\t\t\t\t\t\t\t\t<div class=\"slideWrap\" style=\"background-image: url('https:\/\/www.stiftung-mensch-und-tier.ch\/wp-content\/uploads\/2023\/01\/Kuehe.jpg'); background-position-x: 50%; background-position-y: 50%;\">\n\t\t\t\t\t\t\t\t<\/div>\n\t\t\t\t\t\t\t\t\t\t\t\t\t\t\t<div class=\"slideWrap\" style=\"background-image: url('https:\/\/www.stiftung-mensch-und-tier.ch\/wp-content\/uploads\/2023\/01\/Schafe.jpg'); background-position-x: 50%; background-position-y: 50%;\">\n\t\t\t\t\t\t\t\t<\/div>\n\t\t\t\t\t\t\t\t\t\t\t\t\t\t\t<div class=\"slideWrap\" style=\"background-image: url('https:\/\/www.stiftung-mensch-und-tier.ch\/wp-content\/uploads\/2023\/01\/Weide-scaled.jpg'); background-position-x: 50%; background-position-y: 50%;\">\n\t\t\t\t\t\t\t\t<\/div>\n\t\t\t\t\t\t\t\t\t\t\t\t<\/div>\n\t\t\t\t\t\t\t\t\t<\/div>\n\t\t\t<\/div>\n\t\t\t<div class=\"col-xs-12 col-sm-6 orangeBack\">\n\t\t\t\t<div class=\"textWrap\">\n\t\t\t\t\t<h2><\/h2>\n<h2 style=\"text-align: center;\">Bienvenue<\/h2>\n<h3 style=\"text-align: center;\">chez la Fondation L&#8217;homme et l&#8217;animal<\/h3>\n<p style=\"text-align: right;\">\n\t\t\t\t<\/div>\n\t\t\t<\/div>\n\t\t<\/div>\n\t<\/div>\n<\/section>\n\n\n<section class=\"block-2-kreise-mit-icons\" style=\" margin-top: rem; margin-bottom: rem;\">\n\t\t<div class=\"container\">\n\t\t<h2 class=\"text-center mainHeadline\"><\/h2>\n\t\t<div class=\"flexRow justCenter\">\n\t\t\t\t\t\t\t\t<div class=\"col-xs-12 col-sm-4 col-md-fifth maTo3\">\n\t\t\t\t\t\t\t\t\t\t\t\t\t<a class=\"block2link\" href=\"https:\/\/www.stiftung-mensch-und-tier.ch\/fr\/leitbild-der-stiftung-mensch-und-tier\/\" target=\"_blank\">\n\t\t\t\t\t\t\t\t\t\t\t\t\t\t<div class=\"innerWrap\">\n\t\t\t\t\t\t\t\t\t\t\t\t\t\t\t\t\t\t<img decoding=\"async\" src=\"https:\/\/www.stiftung-mensch-und-tier.ch\/wp-content\/uploads\/2023\/01\/Kopf_Logo-002-362x480.png\" alt=\"\">\n\t\t\t\t\t\t\t\t\t<p>Notre mission<\/p>\n\t\t\t\t\t\t\t\t<\/div>\n\t\t\t\t\t\t\t\t\t\t\t\t\t<\/a>\n\t\t\t\t\t\t\t\t\t\t\t<\/div>\n\t\t\t\t\t\t\t\t\t<div class=\"col-xs-12 col-sm-4 col-md-fifth maTo3\">\n\t\t\t\t\t\t\t\t\t\t\t\t\t<a class=\"block2link\" href=\"https:\/\/www.stiftung-mensch-und-tier.ch\/fr\/stiftung-mensch-und-tier-3\/\" target=\"_blank\">\n\t\t\t\t\t\t\t\t\t\t\t\t\t\t<div class=\"innerWrap\">\n\t\t\t\t\t\t\t\t\t\t\t\t\t\t\t\t\t\t<img decoding=\"async\" src=\"https:\/\/www.stiftung-mensch-und-tier.ch\/wp-content\/uploads\/2022\/10\/Location-manege.webp\" alt=\"\">\n\t\t\t\t\t\t\t\t\t<p>Notre engagement<\/p>\n\t\t\t\t\t\t\t\t<\/div>\n\t\t\t\t\t\t\t\t\t\t\t\t\t<\/a>\n\t\t\t\t\t\t\t\t\t\t\t<\/div>\n\t\t\t\t\t\t\t\t\t<div class=\"col-xs-12 col-sm-4 col-md-fifth maTo3\">\n\t\t\t\t\t\t\t\t\t\t\t\t\t<a class=\"block2link\" href=\"https:\/\/www.stiftung-mensch-und-tier.ch\/fr\/spende\/\" target=\"_blank\">\n\t\t\t\t\t\t\t\t\t\t\t\t\t\t<div class=\"innerWrap\">\n\t\t\t\t\t\t\t\t\t\t\t\t\t\t\t\t\t\t<img decoding=\"async\" src=\"https:\/\/www.stiftung-mensch-und-tier.ch\/wp-content\/uploads\/2022\/10\/Coeur-Jardin-des-souvenirs.webp\" alt=\"\">\n\t\t\t\t\t\t\t\t\t<p>Votre soutien<\/p>\n\t\t\t\t\t\t\t\t<\/div>\n\t\t\t\t\t\t\t\t\t\t\t\t\t<\/a>\n\t\t\t\t\t\t\t\t\t\t\t<\/div>\n\t\t\t\t\t\t<\/div>\n\t<\/div>\n<\/section>\n\n\n<section class=\"block-3-ubersicht-aktuelles\" style=\" padding-top: 3rem; padding-bottom: rem;\">\n\t\t<div class=\"container\">\n\t\t<h2 class=\"text-center\">Actualit\u00e9s<\/h2>\n\t\t<div class=\"flexRow\">\n\t\t\t\t\t\t\t\t<div class=\"col-xs-12 col-sm-4 maTo3\">\n\t\t\t\t\t\t<div class=\"innerWrap\">\n\t\t\t\t\t\t\t<div>\n\t\t\t\t\t\t\t\t<a href=\"https:\/\/www.stiftung-mensch-und-tier.ch\/fr\/une-bonne-annee-2025\/\">\n\t\t\t\t\t\t\t\t\t<div class=\"imgWrap\">\n\t\t\t\t\t\t\t\t\t\t<img loading=\"lazy\" decoding=\"async\" width=\"1804\" height=\"1804\" src=\"https:\/\/www.stiftung-mensch-und-tier.ch\/wp-content\/uploads\/2025\/01\/doc02468120260105163639_001-3-scaled-e1767628164530.jpg\" class=\"attachment-post-thumbnail size-post-thumbnail wp-post-image\" alt=\"\" srcset=\"https:\/\/www.stiftung-mensch-und-tier.ch\/wp-content\/uploads\/2025\/01\/doc02468120260105163639_001-3-scaled-e1767628164530.jpg 1804w, https:\/\/www.stiftung-mensch-und-tier.ch\/wp-content\/uploads\/2025\/01\/doc02468120260105163639_001-3-scaled-e1767628164530-991x991.jpg 991w, https:\/\/www.stiftung-mensch-und-tier.ch\/wp-content\/uploads\/2025\/01\/doc02468120260105163639_001-3-scaled-e1767628164530-1170x1170.jpg 1170w, https:\/\/www.stiftung-mensch-und-tier.ch\/wp-content\/uploads\/2025\/01\/doc02468120260105163639_001-3-scaled-e1767628164530-150x150.jpg 150w, https:\/\/www.stiftung-mensch-und-tier.ch\/wp-content\/uploads\/2025\/01\/doc02468120260105163639_001-3-scaled-e1767628164530-1536x1536.jpg 1536w, https:\/\/www.stiftung-mensch-und-tier.ch\/wp-content\/uploads\/2025\/01\/doc02468120260105163639_001-3-scaled-e1767628164530-480x480.jpg 480w, https:\/\/www.stiftung-mensch-und-tier.ch\/wp-content\/uploads\/2025\/01\/doc02468120260105163639_001-3-scaled-e1767628164530-767x767.jpg 767w, https:\/\/www.stiftung-mensch-und-tier.ch\/wp-content\/uploads\/2025\/01\/doc02468120260105163639_001-3-scaled-e1767628164530-768x768.jpg 768w\" sizes=\"auto, (max-width: 1804px) 100vw, 1804px\" \/>\t\t\t\t\t\t\t\t\t<\/div>\n\t\t\t\t\t\t\t\t<\/a>\n\t\t\t\t\t\t\t\t<a href=\"https:\/\/www.stiftung-mensch-und-tier.ch\/fr\/une-bonne-annee-2025\/\"><h3 class=\"maTo3\">Une bonne ann\u00e9e 2026!<\/h3><\/a>\n\t\t\t\t\t\t\t\t<div class=\"textExcerptWrap\">\n\t\t\t\t\t\t\t\t\t\t\t\t\t\t\t\t\t<\/div>\n\t\t\t\t\t\t\t<\/div>\n\t\t\t\t\t\t\t<p><a class=\"arrowLink\" href=\"https:\/\/www.stiftung-mensch-und-tier.ch\/fr\/une-bonne-annee-2025\/\">en savoir plus<\/a><\/p>\n\t\t\t\t\t\t<\/div>\n\t\t\t\t\t<\/div>\n\t\t\t\t\t\t\t\t\t\t<div class=\"col-xs-12 col-sm-4 maTo3\">\n\t\t\t\t\t\t<div class=\"innerWrap\">\n\t\t\t\t\t\t\t<div>\n\t\t\t\t\t\t\t\t<a href=\"https:\/\/www.stiftung-mensch-und-tier.ch\/fr\/calendrier-2026\/\">\n\t\t\t\t\t\t\t\t\t<div class=\"imgWrap\">\n\t\t\t\t\t\t\t\t\t\t<img loading=\"lazy\" decoding=\"async\" width=\"2560\" height=\"2560\" src=\"https:\/\/www.stiftung-mensch-und-tier.ch\/wp-content\/uploads\/2025\/11\/Favorit-1_zugeschnitten-farbe-scaled.jpg\" class=\"attachment-post-thumbnail size-post-thumbnail wp-post-image\" alt=\"\" srcset=\"https:\/\/www.stiftung-mensch-und-tier.ch\/wp-content\/uploads\/2025\/11\/Favorit-1_zugeschnitten-farbe-scaled.jpg 2560w, https:\/\/www.stiftung-mensch-und-tier.ch\/wp-content\/uploads\/2025\/11\/Favorit-1_zugeschnitten-farbe-991x991.jpg 991w, https:\/\/www.stiftung-mensch-und-tier.ch\/wp-content\/uploads\/2025\/11\/Favorit-1_zugeschnitten-farbe-1170x1170.jpg 1170w, https:\/\/www.stiftung-mensch-und-tier.ch\/wp-content\/uploads\/2025\/11\/Favorit-1_zugeschnitten-farbe-150x150.jpg 150w, https:\/\/www.stiftung-mensch-und-tier.ch\/wp-content\/uploads\/2025\/11\/Favorit-1_zugeschnitten-farbe-1536x1536.jpg 1536w, https:\/\/www.stiftung-mensch-und-tier.ch\/wp-content\/uploads\/2025\/11\/Favorit-1_zugeschnitten-farbe-2048x2048.jpg 2048w, https:\/\/www.stiftung-mensch-und-tier.ch\/wp-content\/uploads\/2025\/11\/Favorit-1_zugeschnitten-farbe-480x480.jpg 480w, https:\/\/www.stiftung-mensch-und-tier.ch\/wp-content\/uploads\/2025\/11\/Favorit-1_zugeschnitten-farbe-767x767.jpg 767w, https:\/\/www.stiftung-mensch-und-tier.ch\/wp-content\/uploads\/2025\/11\/Favorit-1_zugeschnitten-farbe-1920x1920.jpg 1920w\" sizes=\"auto, (max-width: 2560px) 100vw, 2560px\" \/>\t\t\t\t\t\t\t\t\t<\/div>\n\t\t\t\t\t\t\t\t<\/a>\n\t\t\t\t\t\t\t\t<a href=\"https:\/\/www.stiftung-mensch-und-tier.ch\/fr\/calendrier-2026\/\"><h3 class=\"maTo3\">Calendrier 2026<\/h3><\/a>\n\t\t\t\t\t\t\t\t<div class=\"textExcerptWrap\">\n\t\t\t\t\t\t\t\t\t\t\t\t\t\t\t\t\t<\/div>\n\t\t\t\t\t\t\t<\/div>\n\t\t\t\t\t\t\t<p><a class=\"arrowLink\" href=\"https:\/\/www.stiftung-mensch-und-tier.ch\/fr\/calendrier-2026\/\">en savoir plus<\/a><\/p>\n\t\t\t\t\t\t<\/div>\n\t\t\t\t\t<\/div>\n\t\t\t\t\t\t\t\t\t\t<div class=\"col-xs-12 col-sm-4 maTo3\">\n\t\t\t\t\t\t<div class=\"innerWrap\">\n\t\t\t\t\t\t\t<div>\n\t\t\t\t\t\t\t\t<a href=\"https:\/\/www.stiftung-mensch-und-tier.ch\/fr\/rapport-annuel-2024\/\">\n\t\t\t\t\t\t\t\t\t<div class=\"imgWrap\">\n\t\t\t\t\t\t\t\t\t\t<img loading=\"lazy\" decoding=\"async\" width=\"655\" height=\"655\" src=\"https:\/\/www.stiftung-mensch-und-tier.ch\/wp-content\/uploads\/2025\/09\/JB-24-Front-HP.png\" class=\"attachment-post-thumbnail size-post-thumbnail wp-post-image\" alt=\"\" srcset=\"https:\/\/www.stiftung-mensch-und-tier.ch\/wp-content\/uploads\/2025\/09\/JB-24-Front-HP.png 655w, https:\/\/www.stiftung-mensch-und-tier.ch\/wp-content\/uploads\/2025\/09\/JB-24-Front-HP-150x150.png 150w, https:\/\/www.stiftung-mensch-und-tier.ch\/wp-content\/uploads\/2025\/09\/JB-24-Front-HP-480x480.png 480w\" sizes=\"auto, (max-width: 655px) 100vw, 655px\" \/>\t\t\t\t\t\t\t\t\t<\/div>\n\t\t\t\t\t\t\t\t<\/a>\n\t\t\t\t\t\t\t\t<a href=\"https:\/\/www.stiftung-mensch-und-tier.ch\/fr\/rapport-annuel-2024\/\"><h3 class=\"maTo3\">Rapport annuel 2024<\/h3><\/a>\n\t\t\t\t\t\t\t\t<div class=\"textExcerptWrap\">\n\t\t\t\t\t\t\t\t\t\t\t\t\t\t\t\t\t<\/div>\n\t\t\t\t\t\t\t<\/div>\n\t\t\t\t\t\t\t<p><a class=\"arrowLink\" href=\"https:\/\/www.stiftung-mensch-und-tier.ch\/fr\/rapport-annuel-2024\/\">en savoir plus<\/a><\/p>\n\t\t\t\t\t\t<\/div>\n\t\t\t\t\t<\/div>\n\t\t\t\t\t\t\t<\/div>\n\t<\/div>\n<\/section>\n\n\n<section class=\"block-4-google-maps\" style=\" padding-top: rem; padding-bottom: 0rem;\">\n\t\t<div class=\"innerWrap\">\n\t\t<div class=\"container\">\n\t\t\t<div class=\"flexRow\">\n\t\t\t\t<div class=\"col-xs-12 col-sm-3 textCol\">\n\t\t\t\t\t\t\t\t\t<\/div>\n\t\t\t<\/div>\n\t\t<\/div>\n\t\t<div class=\"iframeWrap\">\n\t\t\t<iframe src=\"https:\/\/www.google.com\/maps\/embed?pb=!1m18!1m12!1m3!1d12809.60566687482!2d7.551118651135475!3d47.55051102191013!2m3!1f0!2f0!3f0!3m2!1i1024!2i768!4f13.1!3m3!1m2!1s0x4791b8c2b66a7089%3A0xd5d265cf7bcb79a5!2sEthikschule%20Kind%20und%20Tier!5e0!3m2!1sde!2sch!4v1673526303700!5m2!1sde!2sch\" width=\"600\" height=\"450\" style=\"border:0;\" allowfullscreen=\"\" loading=\"lazy\" referrerpolicy=\"no-referrer-when-downgrade\"><\/iframe>\t\t<\/div>\n\t<\/div>\n<\/section>\n\n\n \n<section class=\"block-5-freier-text hasBackgroundimage whiteFont\" style=\"background-image: url('https:\/\/www.stiftung-mensch-und-tier.ch\/wp-content\/uploads\/2022\/10\/IMG_3026.webp'); background-position-x: 72%; background-position-y: 62%; margin-top: 0rem; margin-bottom: 0rem;\">\n\t\t<div class=\"container\">\n\t\t<div class=\"row\">\n\t\t\t<div class=\"col-xs-12 col-md-8 col-lg-5\">\n\t\t\t\t<div class=\"textWrap\">\n\t\t\t\t\t<h2>\u00abLe temps est venu de reconsid\u00e9rer notre \u00eatre, nos valeurs et nos actions. Pour nous-m\u00eames, pour le monde qui nous entoure, ainsi que pour notre merveilleuse plan\u00e8te Terre.\u00bb<\/h2>\n<p>Christine R\u00fcedi, pr\u00e9sidente du Conseil d\u2019&#8217;administration<\/p>\n\t\t\t\t<\/div>\n\t\t\t<\/div>\n\t\t<\/div>\n\t<\/div>\n<\/section>\n\n\n<section class=\"block-6-bilderslider\" style=\" padding-top: 0rem; padding-bottom: 0rem;\">\n\t\t<div class=\"container-fluid\">\n\t\t<div class=\"headlineWrap text-center\">\n\t\t\t\t\t<\/div>\n\t\t<div class=\"imgSliderWrap maTo3\">\n\t\t\t\t\t\t\t\t<div class=\"slideWrap\">\n\t\t\t\t\t\t\t\t\t\t\t\t<img decoding=\"async\" src=\"https:\/\/www.stiftung-mensch-und-tier.ch\/wp-content\/uploads\/2023\/01\/kind-und-Weide1-991x991.jpg\" alt=\"\">\n\t\t\t\t\t<\/div>\n\t\t\t\t\t\t\t\t\t<div class=\"slideWrap\">\n\t\t\t\t\t\t\t\t\t\t\t\t<img decoding=\"async\" src=\"https:\/\/www.stiftung-mensch-und-tier.ch\/wp-content\/uploads\/2023\/01\/Hahn1-991x991.jpg\" alt=\"\">\n\t\t\t\t\t<\/div>\n\t\t\t\t\t\t\t\t\t<div class=\"slideWrap\">\n\t\t\t\t\t\t\t\t\t\t\t\t<img decoding=\"async\" src=\"https:\/\/www.stiftung-mensch-und-tier.ch\/wp-content\/uploads\/2023\/01\/Arun1-991x991.jpg\" alt=\"\">\n\t\t\t\t\t<\/div>\n\t\t\t\t\t\t\t\t\t<div class=\"slideWrap\">\n\t\t\t\t\t\t\t\t\t\t\t\t<img decoding=\"async\" src=\"https:\/\/www.stiftung-mensch-und-tier.ch\/wp-content\/uploads\/2023\/01\/Kinder-lernen1-991x991.jpg\" alt=\"\">\n\t\t\t\t\t<\/div>\n\t\t\t\t\t\t\t\t\t<div class=\"slideWrap\">\n\t\t\t\t\t\t\t\t\t\t\t\t<img decoding=\"async\" src=\"https:\/\/www.stiftung-mensch-und-tier.ch\/wp-content\/uploads\/2023\/01\/Zeichnung1-991x991.jpg\" alt=\"\">\n\t\t\t\t\t<\/div>\n\t\t\t\t\t\t\t\t\t<div class=\"slideWrap\">\n\t\t\t\t\t\t\t\t\t\t\t\t<img decoding=\"async\" src=\"https:\/\/www.stiftung-mensch-und-tier.ch\/wp-content\/uploads\/2023\/01\/Schweine1-991x991.jpg\" alt=\"\">\n\t\t\t\t\t<\/div>\n\t\t\t\t\t\t\t\t\t<div class=\"slideWrap\">\n\t\t\t\t\t\t\t\t\t\t\t\t<img decoding=\"async\" src=\"https:\/\/www.stiftung-mensch-und-tier.ch\/wp-content\/uploads\/2023\/01\/Kind-mit-Huhn1-991x991.jpg\" alt=\"\">\n\t\t\t\t\t<\/div>\n\t\t\t\t\t\t\t\t\t<div class=\"slideWrap\">\n\t\t\t\t\t\t\t\t\t\t\t\t<img decoding=\"async\" src=\"https:\/\/www.stiftung-mensch-und-tier.ch\/wp-content\/uploads\/2023\/01\/Geissen-1-991x991.jpg\" alt=\"\">\n\t\t\t\t\t<\/div>\n\t\t\t\t\t\t\t\t\t<div class=\"slideWrap\">\n\t\t\t\t\t\t\t\t\t\t\t\t<img decoding=\"async\" src=\"https:\/\/www.stiftung-mensch-und-tier.ch\/wp-content\/uploads\/2023\/01\/Kinder-mit-karre1-991x991.jpg\" alt=\"\">\n\t\t\t\t\t<\/div>\n\t\t\t\t\t\t\t\t\t<div class=\"slideWrap\">\n\t\t\t\t\t\t\t\t\t\t\t\t<img decoding=\"async\" src=\"https:\/\/www.stiftung-mensch-und-tier.ch\/wp-content\/uploads\/2023\/01\/Hasan-Laemmli1-991x991.jpg\" alt=\"\">\n\t\t\t\t\t<\/div>\n\t\t\t\t\t\t<\/div>\n\t<\/div>\n<\/section>\n\n\n \n<section class=\"block-5-freier-text\" style=\" margin-top: rem; margin-bottom: rem;\">\n\t\t<div class=\"container\">\n\t\t<div class=\"row\">\n\t\t\t<div class=\"col-xs-12 col-md-10 col-md-offset-1\">\n\t\t\t\t<div class=\"textWrap\">\n\t\t\t\t\t<h3>Nous serons heureux de r\u00e9pondre aux questions que vous nous poserez!<\/h3>\n<div class=\"wpforms-container wpforms-container-full\" id=\"wpforms-362\"><form id=\"wpforms-form-362\" class=\"wpforms-validate wpforms-form wpforms-ajax-form\" data-formid=\"362\" method=\"post\" enctype=\"multipart\/form-data\" action=\"\/fr\/wp-json\/wp\/v2\/pages\/2579\" data-token=\"7d51d708c214bd8274784fcbcf98dd20\" data-token-time=\"1775284907\"><noscript class=\"wpforms-error-noscript\">Veuillez activer JavaScript dans votre navigateur pour remplir ce formulaire.<\/noscript><div class=\"wpforms-field-container\"><div id=\"wpforms-362-field_6-container\" class=\"wpforms-field wpforms-field-radio wpforms-list-inline\" data-field-id=\"6\"><label class=\"wpforms-field-label\">Formule d&#039;appel<\/label><ul id=\"wpforms-362-field_6\"><li class=\"choice-1 depth-1\"><input type=\"radio\" id=\"wpforms-362-field_6_1\" name=\"wpforms[fields][6]\" value=\"Madame\"  ><label class=\"wpforms-field-label-inline\" for=\"wpforms-362-field_6_1\">Madame<\/label><\/li><li class=\"choice-2 depth-1\"><input type=\"radio\" id=\"wpforms-362-field_6_2\" name=\"wpforms[fields][6]\" value=\"Monsieur\"  ><label class=\"wpforms-field-label-inline\" for=\"wpforms-362-field_6_2\">Monsieur<\/label><\/li><li class=\"choice-3 depth-1\"><input type=\"radio\" id=\"wpforms-362-field_6_3\" name=\"wpforms[fields][6]\" value=\"Societ\u00e9\"  ><label class=\"wpforms-field-label-inline\" for=\"wpforms-362-field_6_3\">Societ\u00e9<\/label><\/li><\/ul><\/div><div id=\"wpforms-362-field_2-container\" class=\"wpforms-field wpforms-field-layout\" data-field-id=\"2\"><div class=\"wpforms-field-layout-columns wpforms-field-layout-preset-50-50\"><div class=\"wpforms-layout-column wpforms-layout-column-50\" ><div id=\"wpforms-362-field_1-container\" class=\"wpforms-field wpforms-field-text\" data-field-id=\"1\"><label class=\"wpforms-field-label\" for=\"wpforms-362-field_1\">Pr\u00e9nom<\/label><input type=\"text\" id=\"wpforms-362-field_1\" class=\"wpforms-field-medium\" name=\"wpforms[fields][1]\" ><\/div><div id=\"wpforms-362-field_9-container\" class=\"wpforms-field wpforms-field-email\" data-field-id=\"9\"><label class=\"wpforms-field-label\" for=\"wpforms-362-field_9\">E-Mail <span class=\"wpforms-required-label\">*<\/span><\/label><input type=\"email\" id=\"wpforms-362-field_9\" class=\"wpforms-field-medium wpforms-field-required\" name=\"wpforms[fields][9]\" spellcheck=\"false\" required><\/div><\/div><div class=\"wpforms-layout-column wpforms-layout-column-50\" ><div id=\"wpforms-362-field_3-container\" class=\"wpforms-field wpforms-field-text\" data-field-id=\"3\"><label class=\"wpforms-field-label\" for=\"wpforms-362-field_3\">Nom<\/label><input type=\"text\" id=\"wpforms-362-field_3\" class=\"wpforms-field-medium\" name=\"wpforms[fields][3]\" ><\/div><\/div><\/div><\/div><div id=\"wpforms-362-field_5-container\" class=\"wpforms-field wpforms-field-select wpforms-field-select-style-classic\" data-field-id=\"5\"><label class=\"wpforms-field-label\" for=\"wpforms-362-field_5\">Je m\u00b4interesse pour<\/label><select id=\"wpforms-362-field_5\" class=\"wpforms-field-medium\" name=\"wpforms[fields][5]\"><option value=\"\" class=\"placeholder\" disabled  selected='selected'>bitte w\u00e4hlen<\/option><option value=\"Prendre contact\"  class=\"choice-5 depth-1\"  >Prendre contact<\/option><option value=\"Parrainage\"  class=\"choice-2 depth-1\"  >Parrainage<\/option><option value=\"Envoi du rapport annuel (en allemand)\"  class=\"choice-6 depth-1\"  >Envoi du rapport annuel (en allemand)<\/option><option value=\"Envoi de prospectus (en allemand)\"  class=\"choice-7 depth-1\"  >Envoi de prospectus (en allemand)<\/option><option value=\"Envoi de calendrier\"  class=\"choice-8 depth-1\"  >Envoi de calendrier<\/option><option value=\"Envoi d\u00b4un bulletin de versement\"  class=\"choice-9 depth-1\"  >Envoi d\u00b4un bulletin de versement<\/option><\/select><\/div><div id=\"wpforms-362-field_4-container\" class=\"wpforms-field wpforms-field-text\" data-field-id=\"4\"><label class=\"wpforms-field-label\" for=\"wpforms-362-field_4\">Voie et num\u00e9ro<\/label><input type=\"text\" id=\"wpforms-362-field_4\" class=\"wpforms-field-medium\" name=\"wpforms[fields][4]\" ><\/div><div id=\"wpforms-362-field_8-container\" class=\"wpforms-field wpforms-field-text\" data-field-id=\"8\"><label class=\"wpforms-field-label\" for=\"wpforms-362-field_8\">CP et lieu<\/label><input type=\"text\" id=\"wpforms-362-field_8\" class=\"wpforms-field-medium\" name=\"wpforms[fields][8]\" ><\/div><div id=\"wpforms-362-field_7-container\" class=\"wpforms-field wpforms-field-textarea\" data-field-id=\"7\"><label class=\"wpforms-field-label\" for=\"wpforms-362-field_7\">Votre message<\/label><textarea id=\"wpforms-362-field_7\" class=\"wpforms-field-medium\" name=\"wpforms[fields][7]\" ><\/textarea><\/div><\/div><!-- .wpforms-field-container --><div class=\"wpforms-recaptcha-container wpforms-is-recaptcha wpforms-is-recaptcha-type-v3\" ><input type=\"hidden\" name=\"wpforms[recaptcha]\" value=\"\"><\/div><div class=\"wpforms-submit-container\" ><input type=\"hidden\" name=\"wpforms[id]\" value=\"362\"><input type=\"hidden\" name=\"page_title\" value=\"\"><input type=\"hidden\" name=\"page_url\" value=\"https:\/\/www.stiftung-mensch-und-tier.ch\/fr\/wp-json\/wp\/v2\/pages\/2579\"><input type=\"hidden\" name=\"url_referer\" value=\"\"><button type=\"submit\" name=\"wpforms[submit]\" id=\"wpforms-submit-362\" class=\"wpforms-submit\" data-alt-text=\"Envoyer\" data-submit-text=\"Envoyer\" aria-live=\"assertive\" value=\"wpforms-submit\">Envoyer<\/button><img loading=\"lazy\" decoding=\"async\" src=\"https:\/\/www.stiftung-mensch-und-tier.ch\/wp-content\/plugins\/wpforms\/assets\/images\/submit-spin.svg\" class=\"wpforms-submit-spinner\" style=\"display: none;\" width=\"26\" height=\"26\" alt=\"Chargement en cours\"><\/div><\/form><\/div>  <!-- .wpforms-container -->\n\t\t\t\t<\/div>\n\t\t\t<\/div>\n\t\t<\/div>\n\t<\/div>\n<\/section>\n","protected":false},"excerpt":{"rendered":"","protected":false},"author":1,"featured_media":0,"parent":0,"menu_order":0,"comment_status":"closed","ping_status":"closed","template":"","meta":{"_acf_changed":false,"inline_featured_image":false,"footnotes":""},"class_list":["post-2579","page","type-page","status-publish","hentry"],"acf":[],"_links":{"self":[{"href":"https:\/\/www.stiftung-mensch-und-tier.ch\/fr\/wp-json\/wp\/v2\/pages\/2579","targetHints":{"allow":["GET"]}}],"collection":[{"href":"https:\/\/www.stiftung-mensch-und-tier.ch\/fr\/wp-json\/wp\/v2\/pages"}],"about":[{"href":"https:\/\/www.stiftung-mensch-und-tier.ch\/fr\/wp-json\/wp\/v2\/types\/page"}],"author":[{"embeddable":true,"href":"https:\/\/www.stiftung-mensch-und-tier.ch\/fr\/wp-json\/wp\/v2\/users\/1"}],"replies":[{"embeddable":true,"href":"https:\/\/www.stiftung-mensch-und-tier.ch\/fr\/wp-json\/wp\/v2\/comments?post=2579"}],"version-history":[{"count":12,"href":"https:\/\/www.stiftung-mensch-und-tier.ch\/fr\/wp-json\/wp\/v2\/pages\/2579\/revisions"}],"predecessor-version":[{"id":3297,"href":"https:\/\/www.stiftung-mensch-und-tier.ch\/fr\/wp-json\/wp\/v2\/pages\/2579\/revisions\/3297"}],"wp:attachment":[{"href":"https:\/\/www.stiftung-mensch-und-tier.ch\/fr\/wp-json\/wp\/v2\/media?parent=2579"}],"curies":[{"name":"wp","href":"https:\/\/api.w.org\/{rel}","templated":true}]}}