{"id":2623,"date":"2022-11-21T13:02:03","date_gmt":"2022-11-21T12:02:03","guid":{"rendered":"https:\/\/www.stiftung-mensch-und-tier.ch\/ethikhof-fuer-tiere-in-not\/"},"modified":"2023-12-08T11:04:59","modified_gmt":"2023-12-08T10:04:59","slug":"ethikhof-fuer-tiere-in-not","status":"publish","type":"page","link":"https:\/\/www.stiftung-mensch-und-tier.ch\/fr\/ethikhof-fuer-tiere-in-not\/","title":{"rendered":"Ferme \u00e9thique pour animeaux en d\u00e9tresse"},"content":{"rendered":" \n<section class=\"block-5-freier-text\" style=\" margin-top: rem; margin-bottom: rem;\">\n\t\t<div class=\"container\">\n\t\t<div class=\"row\">\n\t\t\t<div class=\"col-xs-12 col-md-10 col-md-offset-1\">\n\t\t\t\t<div class=\"textWrap\">\n\t\t\t\t\t<h2>Ferme d\u2019\u00e9thique pour animaux en d\u00e9tresse<\/h2>\n<h2 style=\"text-align: center;\">&#8211; nous donnons un foyer aux animaux en d\u00e9tresse<\/h2>\n<p>&nbsp;<\/p>\n<p>De nombreux animaux en d\u00e9tresse trouvent un nouveau foyer durable et aimant \u00e0 la Fondation L\u2019homme et l\u2019animal. Bien des animaux ont besoin de notre attention. Ils sont d\u2019&#8217;importants \u00abenseignants\u00bb, \u00abm\u00e9diateurs\u00bb et \u00abambassadeurs\u00bb pour les enfants qui fr\u00e9quentent <strong>l\u2019\u00c9cole \u00e9thique enfant et animal<\/strong>.<\/p>\n<p>Nous nous sommes donn\u00e9 pour mission d\u2019accorder la parole aux animaux qui n\u2019ont pas voix au chapitre dans le cadre des \u00e9levages industriels. Nous continuons donc \u00e0 accueillir des animaux dits de rente.<\/p>\n<p>Si nous parlons aussi des animaux d\u00e9c\u00e9d\u00e9s, c\u2019est parce que vivre avec eux a enrichi la vie des enfants, nos vies aussi et que nous leurs en sommes reconnaissants.<\/p>\n<h3>Devenez parrain ou marraine d\u2019un animal!<\/h3>\n<p>L\u2019h\u00e9bergement de nos animaux est financi\u00e8rement tr\u00e8s co\u00fbteux. En tant que parrain ou marraine, vous pouvez nous aider \u00e0 s\u00e9curiser leur subsistance.<\/p>\n<p>En savoir plus sur nos parrainages d\u2019animaux <a href=\"https:\/\/www.stiftung-mensch-und-tier.ch\/fr\/tierpatenschaft\/\" target=\"_blank\" rel=\"noopener\">ici<\/a><\/p>\n<p>&nbsp;<\/p>\n<p>&nbsp;<\/p>\n\t\t\t\t<\/div>\n\t\t\t<\/div>\n\t\t<\/div>\n\t<\/div>\n<\/section>\n","protected":false},"excerpt":{"rendered":"","protected":false},"author":2,"featured_media":0,"parent":0,"menu_order":0,"comment_status":"closed","ping_status":"closed","template":"","meta":{"_acf_changed":false,"inline_featured_image":false,"footnotes":""},"class_list":["post-2623","page","type-page","status-publish","hentry"],"acf":[],"_links":{"self":[{"href":"https:\/\/www.stiftung-mensch-und-tier.ch\/fr\/wp-json\/wp\/v2\/pages\/2623","targetHints":{"allow":["GET"]}}],"collection":[{"href":"https:\/\/www.stiftung-mensch-und-tier.ch\/fr\/wp-json\/wp\/v2\/pages"}],"about":[{"href":"https:\/\/www.stiftung-mensch-und-tier.ch\/fr\/wp-json\/wp\/v2\/types\/page"}],"author":[{"embeddable":true,"href":"https:\/\/www.stiftung-mensch-und-tier.ch\/fr\/wp-json\/wp\/v2\/users\/2"}],"replies":[{"embeddable":true,"href":"https:\/\/www.stiftung-mensch-und-tier.ch\/fr\/wp-json\/wp\/v2\/comments?post=2623"}],"version-history":[{"count":12,"href":"https:\/\/www.stiftung-mensch-und-tier.ch\/fr\/wp-json\/wp\/v2\/pages\/2623\/revisions"}],"predecessor-version":[{"id":3217,"href":"https:\/\/www.stiftung-mensch-und-tier.ch\/fr\/wp-json\/wp\/v2\/pages\/2623\/revisions\/3217"}],"wp:attachment":[{"href":"https:\/\/www.stiftung-mensch-und-tier.ch\/fr\/wp-json\/wp\/v2\/media?parent=2623"}],"curies":[{"name":"wp","href":"https:\/\/api.w.org\/{rel}","templated":true}]}}