{"id":2627,"date":"2022-11-21T12:55:20","date_gmt":"2022-11-21T11:55:20","guid":{"rendered":"https:\/\/www.stiftung-mensch-und-tier.ch\/ethikschule-kind-und-tier\/"},"modified":"2024-06-29T16:18:49","modified_gmt":"2024-06-29T14:18:49","slug":"ethikschule-kind-und-tier","status":"publish","type":"page","link":"https:\/\/www.stiftung-mensch-und-tier.ch\/fr\/ethikschule-kind-und-tier\/","title":{"rendered":"\u00c9cole \u00e9thique enfant et animal"},"content":{"rendered":" \n<section class=\"block-5-freier-text\" style=\" margin-top: rem; margin-bottom: 2.9rem;\">\n\t\t<div class=\"container\">\n\t\t<div class=\"row\">\n\t\t\t<div class=\"col-xs-12 col-md-10 col-md-offset-1\">\n\t\t\t\t<div class=\"textWrap\">\n\t\t\t\t\t<h2 style=\"text-align: left;\">\u00c9cole \u00e9thique l\u2019enfant et l\u2019animal<\/h2>\n<h2 style=\"text-align: center;\">&#8211; une \u00e9cole de pleine conscience et d\u2019empathie<\/h2>\n<p>&nbsp;<\/p>\n<p><strong>Nous proposons des cours pour les classes enfantines, les classes primaires et les particuliers, cours dans lesquels les enfants d\u00e9couvrent un contact \u00e9ducatif pr\u00e9cieux avec les animaux et les plantes.<\/strong><\/p>\n<p>&nbsp;<\/p>\n<h3>C\u2019est ainsi que nous travaillons avec les enfants<\/h3>\n<p>&nbsp;<\/p>\n<p>Nous faisons preuve d\u2019un grand respect et d\u2019estime vis-\u00e0-vis des enfants. Cela contribue \u00e0 ce qu\u2019ils se sentent uniques, merveilleux et pr\u00e9cieux. L\u2019approche des personnes, des animaux et des plantes peut ainsi se passer avec ouverture et gentillesse, d\u00e9veloppant la pleine conscience et l\u2019empathie. Les enfants sont encadr\u00e9s par des sp\u00e9cialistes form\u00e9s dans les domaines de l\u2019\u00e9ducation, des soins et de la formation des animaux.<\/p>\n<p>\u00c0 l\u2019\u00c9cole \u00e9thique, les enfants rencontrent une \u00abfamille d\u2019animaux\u00bb pr\u00e9par\u00e9e pour cette t\u00e2che particuli\u00e8re. Ce sont des animaux de compagnie et des animaux dits de rente (qui ne sont pas utilis\u00e9s \u00e0 cette fin ici). Cette famille, de m\u00eame que les animaux sauvages qui en font partie, ainsi que les plantes, sont \u00e0 vrai dire les enseignants.<\/p>\n<p>La curiosit\u00e9 des enfants et la joie de d\u00e9couvrir les formes de vie ing\u00e9nieuses, ainsi que l\u2019incroyable richesse de la nature, forment la structure de l\u2019apprentissage. Alors qu\u2019il en apprend sur les animaux, sur leurs comportements, leurs besoins et leurs destins, l\u2019enfant commence \u00e0 les comprendre et se rend compte qu\u2019ils lui ressemblent beaucoup. Cela cr\u00e9e une intimit\u00e9 et une sensibilit\u00e9 aimante. Ce rapprochement, comprendre que les animaux peuvent souffrir tout autant que lui, favorisent la pleine conscience, l\u2019empathie et la volont\u00e9 d\u2019\u00eatre utile. En aidant d\u2019autres \u00eatres vivants, l\u2019enfant am\u00e9liore sa propre situation dans la communaut\u00e9 des \u00eatres vivants et en \u00e9prouve du bonheur.<\/p>\n<p>Il est crucial que l\u2019enfant puisse vivre ces exp\u00e9riences (les films sur les animaux ne suffisent pas) et que nous, en tant qu\u2019exemples, l\u2019encouragions. Le toucher est primordial. Si l\u2019enfant a d\u00e9couvert \u2013 si possible dans les premi\u00e8res ann\u00e9es de sa vie \u2013 que ses actions positives ou constructives, aussi minimes soient-elles, am\u00e9liorent sa vie et celles des autres, son comportement sera davantage ax\u00e9 sur le groupe. Sa mani\u00e8re de penser et d\u2019agir se fera altruiste, se basera sur l\u2019attention aux autres. Et ce sera \u00e0 long terme d\u2019un grand b\u00e9n\u00e9fice pour l\u2019enfant et son entourage.<\/p>\n<p>Particuli\u00e8rement adapt\u00e9 aux \u00e9coles enfantines et primaires, un cours s\u2019\u00e9tend sur quatre matin\u00e9es d\u2019enseignement r\u00e9parties sur quatre semaines. Les cours sont gratuits pour les \u00e9coles enfantines et les parents. Le tram 8 conduit facilement \u00e0 Allschwil o\u00f9 se d\u00e9roulent les cours.<\/p>\n<p><a href=\"https:\/\/www.stiftung-mensch-und-tier.ch\/wp-content\/uploads\/2023\/04\/Prospekt-Ethikschule.pdf\">Prospectus Ethikschule (en allemand)<\/a><\/p>\n<p><a href=\"https:\/\/www.stiftung-mensch-und-tier.ch\/wp-content\/uploads\/2023\/04\/Faltprospekt-Kurs-Naturverstaendnis-und-Gewaltpraevention.pdf\">Prospectus Kurs Naturverst\u00e4ndnis und Gewaltpr\u00e4vention (en allemand)<\/a><\/p>\n\t\t\t\t<\/div>\n\t\t\t<\/div>\n\t\t<\/div>\n\t<\/div>\n<\/section>\n\n\n<section class=\"block-8-bild-neben-text\" style=\" padding-top: 3rem; padding-bottom: rem;\">\n\t\t<div class=\"container\">\n\t\t<div class=\"flexRow\">\n\t\t\t<div class=\"col-xs-12 col-sm-5  maToXS3 col-sm-offset-1 \">\n\t\t\t\t<h3>En voici les th\u00e8mes centraux:<\/h3>\n<ul>\n<li>\u00c9veil de l\u2019enthousiasme et de la curiosit\u00e9 pour toute forme de vie<\/li>\n<li>Encouragement de l\u2019empathie (compassion envers les autres \u00eatres vivants)<\/li>\n<li>Encouragement des aptitudes relationnelles, prenant en compte l\u2019ensemble de l\u2019environnement<\/li>\n<li>Protection des animaux par les jeunes et conservation de la nature<\/li>\n<li>Pr\u00e9vention de la violence et des addictions<\/li>\n<li>Aide aux enfants gr\u00e2ce \u00e0 la zooth\u00e9rapie<\/li>\n<\/ul>\n\t\t\t<\/div>\n\t\t\t<div class=\"col-xs-12 col-sm-5  order1xs\">\n\t\t\t\t\t\t\t\t<img decoding=\"async\" src=\"https:\/\/www.stiftung-mensch-und-tier.ch\/wp-content\/uploads\/2023\/01\/cr-mit-Kindern-991x742.jpg\" alt=\"\">\n\t\t\t<\/div>\n\t\t<\/div>\n\t<\/div>\n<\/section>\n","protected":false},"excerpt":{"rendered":"","protected":false},"author":2,"featured_media":0,"parent":0,"menu_order":0,"comment_status":"closed","ping_status":"closed","template":"","meta":{"_acf_changed":false,"inline_featured_image":false,"footnotes":""},"class_list":["post-2627","page","type-page","status-publish","hentry"],"acf":[],"_links":{"self":[{"href":"https:\/\/www.stiftung-mensch-und-tier.ch\/fr\/wp-json\/wp\/v2\/pages\/2627","targetHints":{"allow":["GET"]}}],"collection":[{"href":"https:\/\/www.stiftung-mensch-und-tier.ch\/fr\/wp-json\/wp\/v2\/pages"}],"about":[{"href":"https:\/\/www.stiftung-mensch-und-tier.ch\/fr\/wp-json\/wp\/v2\/types\/page"}],"author":[{"embeddable":true,"href":"https:\/\/www.stiftung-mensch-und-tier.ch\/fr\/wp-json\/wp\/v2\/users\/2"}],"replies":[{"embeddable":true,"href":"https:\/\/www.stiftung-mensch-und-tier.ch\/fr\/wp-json\/wp\/v2\/comments?post=2627"}],"version-history":[{"count":28,"href":"https:\/\/www.stiftung-mensch-und-tier.ch\/fr\/wp-json\/wp\/v2\/pages\/2627\/revisions"}],"predecessor-version":[{"id":3506,"href":"https:\/\/www.stiftung-mensch-und-tier.ch\/fr\/wp-json\/wp\/v2\/pages\/2627\/revisions\/3506"}],"wp:attachment":[{"href":"https:\/\/www.stiftung-mensch-und-tier.ch\/fr\/wp-json\/wp\/v2\/media?parent=2627"}],"curies":[{"name":"wp","href":"https:\/\/api.w.org\/{rel}","templated":true}]}}