{"id":2629,"date":"2023-04-26T11:27:52","date_gmt":"2023-04-26T09:27:52","guid":{"rendered":"https:\/\/www.stiftung-mensch-und-tier.ch\/impressum\/"},"modified":"2023-12-08T09:51:26","modified_gmt":"2023-12-08T08:51:26","slug":"impressum","status":"publish","type":"page","link":"https:\/\/www.stiftung-mensch-und-tier.ch\/fr\/impressum\/","title":{"rendered":"M\u00e9ntion l\u00e9gale"},"content":{"rendered":" \n<section class=\"block-5-freier-text\" style=\" margin-top: rem; margin-bottom: rem;\">\n\t\t<div class=\"container\">\n\t\t<div class=\"row\">\n\t\t\t<div class=\"col-xs-12 col-md-10 col-md-offset-1\">\n\t\t\t\t<div class=\"textWrap\">\n\t\t\t\t\t<h1>Mentions l\u00e9gales<\/h1>\n<h3>Informations selon \u00a7 5 TMG<\/h3>\n<p>Fondation pour l&#8217;homme et l&#8217;animal<br \/>\nLothringerstrasse 23<br \/>\n4056 B\u00e2le<\/p>\n<p>Num\u00e9ro d&#8217;identification de l&#8217;entreprise CHE-110.197.749<\/p>\n<p><strong>Repr\u00e9sent\u00e9e par :<\/strong><br \/>\nPr\u00e9sidente<br \/>\nChristine R\u00fcedi<\/p>\n<h3>Contact<\/h3>\n<p>T\u00e9l\u00e9phone : 061 321 35 00<br \/>\nCourriel : info@stiftung-mensch-und-tier.ch<\/p>\n<h3>Informations sur l&#8217;assurance responsabilit\u00e9 civile professionnelle<\/h3>\n<p><strong>Nom et si\u00e8ge de l&#8217;assureur :<\/strong><br \/>\nAXA Assurances SA<br \/>\nGeneral-Guisan-Strasse 40<br \/>\n8400 Winterthur<\/p>\n<p><strong>Champ d&#8217;application de l&#8217;assurance :<\/strong><br \/>\ndans le monde entier<\/p>\n<h3>R\u00e8glement des litiges de consommation\/organisme de conciliation universel<\/h3>\n<p>Nous ne sommes pas dispos\u00e9s ou oblig\u00e9s de participer \u00e0 des proc\u00e9dures de r\u00e8glement des litiges devant un organisme de conciliation des consommateurs.<\/p>\n\t\t\t\t<\/div>\n\t\t\t<\/div>\n\t\t<\/div>\n\t<\/div>\n<\/section>\n","protected":false},"excerpt":{"rendered":"","protected":false},"author":1,"featured_media":0,"parent":0,"menu_order":0,"comment_status":"closed","ping_status":"closed","template":"","meta":{"_acf_changed":false,"inline_featured_image":false,"footnotes":""},"class_list":["post-2629","page","type-page","status-publish","hentry"],"acf":[],"_links":{"self":[{"href":"https:\/\/www.stiftung-mensch-und-tier.ch\/fr\/wp-json\/wp\/v2\/pages\/2629","targetHints":{"allow":["GET"]}}],"collection":[{"href":"https:\/\/www.stiftung-mensch-und-tier.ch\/fr\/wp-json\/wp\/v2\/pages"}],"about":[{"href":"https:\/\/www.stiftung-mensch-und-tier.ch\/fr\/wp-json\/wp\/v2\/types\/page"}],"author":[{"embeddable":true,"href":"https:\/\/www.stiftung-mensch-und-tier.ch\/fr\/wp-json\/wp\/v2\/users\/1"}],"replies":[{"embeddable":true,"href":"https:\/\/www.stiftung-mensch-und-tier.ch\/fr\/wp-json\/wp\/v2\/comments?post=2629"}],"version-history":[{"count":4,"href":"https:\/\/www.stiftung-mensch-und-tier.ch\/fr\/wp-json\/wp\/v2\/pages\/2629\/revisions"}],"predecessor-version":[{"id":3118,"href":"https:\/\/www.stiftung-mensch-und-tier.ch\/fr\/wp-json\/wp\/v2\/pages\/2629\/revisions\/3118"}],"wp:attachment":[{"href":"https:\/\/www.stiftung-mensch-und-tier.ch\/fr\/wp-json\/wp\/v2\/media?parent=2629"}],"curies":[{"name":"wp","href":"https:\/\/api.w.org\/{rel}","templated":true}]}}