{"id":2631,"date":"2022-11-29T11:13:16","date_gmt":"2022-11-29T10:13:16","guid":{"rendered":"https:\/\/www.stiftung-mensch-und-tier.ch\/kursangebot\/"},"modified":"2023-12-08T14:18:10","modified_gmt":"2023-12-08T13:18:10","slug":"kursangebot","status":"publish","type":"page","link":"https:\/\/www.stiftung-mensch-und-tier.ch\/fr\/kursangebot\/","title":{"rendered":"Cours"},"content":{"rendered":" \n<section class=\"block-5-freier-text\" style=\" margin-top: rem; margin-bottom: rem;\">\n\t\t<div class=\"container\">\n\t\t<div class=\"row\">\n\t\t\t<div class=\"col-xs-12 col-md-10 col-md-offset-1\">\n\t\t\t\t<div class=\"textWrap\">\n\t\t\t\t\t<h3>Cours de base \u00abCompr\u00e9hension de la nature et pr\u00e9vention de la violence\u00bb<\/h3>\n<h3 style=\"text-align: center;\">pour les classes enfantines et scolaires<\/h3>\n<p>&nbsp;<\/p>\n<p>Les enfants apprennent \u00e0 conna\u00eetre la famille des animaux, de l; ce sont des chats, des chiens, des poneys, des poules, des \u00e2nes et des moutons. Les enfants se familiarisent avec les animaux, pratiquent la pleine conscience et la capacit\u00e9 cognitive, d\u00e9samorcent leurs peurs et adoptent une conduite prudente. Ils apprennent \u00e0 prendre l\u2019animal en main sans l\u2019effrayer. Cela implique que l\u2019enfant ait une communication claire et un comportement confiant face \u00e0 l\u2019animal. Les diff\u00e9rents animaux permettent aux enfants de percevoir les exigences des diverses esp\u00e8ces, les besoins de chaque animal en particulier et d\u2019y r\u00e9pondre. L\u2019entretien et l\u2019alimentation sont des \u00e9l\u00e9ments importants des cours. Interpr\u00e9ter les expressions animales et communiquer avec eux, comprendre la signification du toucher et savoir le pratiquer sont quelques exemples d\u2019autres sujets trait\u00e9s. Les enfants reconnaissent aussi que, pour l\u2019animal comme pour nous, le besoin d\u2019espace figure au c\u0153ur de son bien-\u00eatre. Le temps que nous nous accordons l\u2019un l\u2019autre est \u00e9galement important.<\/p>\n<p>Les animaux enseignent aux enfants qu\u2019eux aussi sont des \u00eatres hautement sensibles. La sensibilit\u00e9 ainsi que les connaissances acquises de premi\u00e8re main aident les enfants \u00e0 se comporter consciemment et respectueusement envers les \u00eatres vivants et \u00e0 s\u2019impliquer dans le monde qui les entoure.<\/p>\n<p>En prenant soin et en nourrissant les animaux, les enfants ont la possibilit\u00e9 d\u2019intensifier la relation avec eux et peuvent assumer des responsabilit\u00e9s.<\/p>\n<p>Les cours de l\u2019\u00c9cole enfant et animal sont dirig\u00e9s par Christine R\u00fcedi. Ils ont lieu pour les classes de maternelle et de primaire de B\u00e2le-Ville et des environs.<\/p>\n\t\t\t\t<\/div>\n\t\t\t<\/div>\n\t\t<\/div>\n\t<\/div>\n<\/section>\n\n\n<section class=\"block-6-bilderslider\" style=\" padding-top: rem; padding-bottom: rem;\">\n\t\t<div class=\"container-fluid\">\n\t\t<div class=\"headlineWrap text-center\">\n\t\t\t\t\t<\/div>\n\t\t<div class=\"imgSliderWrap maTo3\">\n\t\t\t\t\t\t\t\t<div class=\"slideWrap\">\n\t\t\t\t\t\t\t\t\t\t\t\t<img decoding=\"async\" src=\"https:\/\/www.stiftung-mensch-und-tier.ch\/wp-content\/uploads\/2023\/01\/Kind-Bluemchen-3-991x743.jpg\" alt=\"\">\n\t\t\t\t\t<\/div>\n\t\t\t\t\t\t\t\t\t<div class=\"slideWrap\">\n\t\t\t\t\t\t\t\t\t\t\t\t<img decoding=\"async\" src=\"https:\/\/www.stiftung-mensch-und-tier.ch\/wp-content\/uploads\/2023\/01\/Kinder-machen-puzzle-991x743.jpg\" alt=\"\">\n\t\t\t\t\t<\/div>\n\t\t\t\t\t\t\t\t\t<div class=\"slideWrap\">\n\t\t\t\t\t\t\t\t\t\t\t\t<img decoding=\"async\" src=\"https:\/\/www.stiftung-mensch-und-tier.ch\/wp-content\/uploads\/2023\/01\/Kinder-Katze-bea-991x743.jpg\" alt=\"\">\n\t\t\t\t\t<\/div>\n\t\t\t\t\t\t\t\t\t<div class=\"slideWrap\">\n\t\t\t\t\t\t\t\t\t\t\t\t<img decoding=\"async\" src=\"https:\/\/www.stiftung-mensch-und-tier.ch\/wp-content\/uploads\/2023\/01\/Kinder-zeichnen-991x743.jpg\" alt=\"\">\n\t\t\t\t\t<\/div>\n\t\t\t\t\t\t\t\t\t<div class=\"slideWrap\">\n\t\t\t\t\t\t\t\t\t\t\t\t<img decoding=\"async\" src=\"https:\/\/www.stiftung-mensch-und-tier.ch\/wp-content\/uploads\/2023\/01\/Kinder-Huhn-991x743.jpg\" alt=\"\">\n\t\t\t\t\t<\/div>\n\t\t\t\t\t\t\t\t\t<div class=\"slideWrap\">\n\t\t\t\t\t\t\t\t\t\t\t\t<img decoding=\"async\" src=\"https:\/\/www.stiftung-mensch-und-tier.ch\/wp-content\/uploads\/2023\/01\/Kinder-Heu-bea-991x743.jpg\" alt=\"\">\n\t\t\t\t\t<\/div>\n\t\t\t\t\t\t\t\t\t<div class=\"slideWrap\">\n\t\t\t\t\t\t\t\t\t\t\t\t<img decoding=\"async\" src=\"https:\/\/www.stiftung-mensch-und-tier.ch\/wp-content\/uploads\/2023\/01\/Kursraum-991x743.jpg\" alt=\"\">\n\t\t\t\t\t<\/div>\n\t\t\t\t\t\t<\/div>\n\t<\/div>\n<\/section>\n","protected":false},"excerpt":{"rendered":"","protected":false},"author":2,"featured_media":0,"parent":0,"menu_order":0,"comment_status":"closed","ping_status":"closed","template":"","meta":{"_acf_changed":false,"inline_featured_image":false,"footnotes":""},"class_list":["post-2631","page","type-page","status-publish","hentry"],"acf":[],"_links":{"self":[{"href":"https:\/\/www.stiftung-mensch-und-tier.ch\/fr\/wp-json\/wp\/v2\/pages\/2631","targetHints":{"allow":["GET"]}}],"collection":[{"href":"https:\/\/www.stiftung-mensch-und-tier.ch\/fr\/wp-json\/wp\/v2\/pages"}],"about":[{"href":"https:\/\/www.stiftung-mensch-und-tier.ch\/fr\/wp-json\/wp\/v2\/types\/page"}],"author":[{"embeddable":true,"href":"https:\/\/www.stiftung-mensch-und-tier.ch\/fr\/wp-json\/wp\/v2\/users\/2"}],"replies":[{"embeddable":true,"href":"https:\/\/www.stiftung-mensch-und-tier.ch\/fr\/wp-json\/wp\/v2\/comments?post=2631"}],"version-history":[{"count":10,"href":"https:\/\/www.stiftung-mensch-und-tier.ch\/fr\/wp-json\/wp\/v2\/pages\/2631\/revisions"}],"predecessor-version":[{"id":3250,"href":"https:\/\/www.stiftung-mensch-und-tier.ch\/fr\/wp-json\/wp\/v2\/pages\/2631\/revisions\/3250"}],"wp:attachment":[{"href":"https:\/\/www.stiftung-mensch-und-tier.ch\/fr\/wp-json\/wp\/v2\/media?parent=2631"}],"curies":[{"name":"wp","href":"https:\/\/api.w.org\/{rel}","templated":true}]}}