{"id":2639,"date":"2023-01-12T13:52:34","date_gmt":"2023-01-12T12:52:34","guid":{"rendered":"https:\/\/www.stiftung-mensch-und-tier.ch\/unsere-mitarbeiter\/"},"modified":"2026-01-12T09:57:24","modified_gmt":"2026-01-12T08:57:24","slug":"unsere-mitarbeiter","status":"publish","type":"page","link":"https:\/\/www.stiftung-mensch-und-tier.ch\/fr\/unsere-mitarbeiter\/","title":{"rendered":"Collaborateurs"},"content":{"rendered":"<section class=\"block-9-text-und-bild-3-spaltig\" style=\" padding-top: rem; padding-bottom: rem;\">\n\t\t<div class=\"container\">\n\t\t<h1 style=\"text-align: center;\">Notre \u00e9quipe<\/h1>\n\t\t<div class=\"flexRow\">\n\t\t\t\t\t\t\t\t<div class=\"col-xs-12 col-sm-6 col-md-4 maTo3\">\n\t\t\t\t\t\t\t\t\t\t\t\t<img decoding=\"async\" src=\"https:\/\/www.stiftung-mensch-und-tier.ch\/wp-content\/uploads\/2023\/01\/cr-portrait-1.jpg\" alt=\"\">\n\t\t\t\t\t\t<div class=\"textWrap\">\n\t\t\t\t\t\t\t<h3>Christine R\u00fcedi<\/h3>\n<p><em><strong>Fondatrice de la \u00abFondation L\u2019homme et l\u2019animal\u00bb<\/strong><\/em><br \/>\n<em><strong>Directrice de l\u2019\u00c9cole \u00e9thique et de la Ferme \u00e9thique <\/strong><\/em><br \/>\n<em><strong>Directrice des cours<\/strong><\/em><\/p>\n<p>\u00abEn reconnaissant que les plantes, les animaux et les humains sont les d\u00e9clinaisons d\u2019une m\u00eame vie, nous les appr\u00e9hendons comme nos fr\u00e8res et s\u0153urs avec lesquels nous sommes reli\u00e9s de mani\u00e8re inali\u00e9nable par l\u2019&#8217;amour et la responsabilit\u00e9. Ce qui signifie renoncer \u00e0 la violence pour aller vers l\u2019humanit\u00e9 et la paix\u00bb<\/p>\n<p>Apr\u00e8s une formation p\u00e9dagogique et une activit\u00e9 d\u2019enseignante, Christine R\u00fcedi a travaill\u00e9 de nombreuses ann\u00e9es dans le domaine des chiens guides d\u2019aveugles.<\/p>\n<p>Elle s\u2019engage aujourd\u2019hui \u00e0 nouveau aupr\u00e8s des enfants, leur permettant d\u2019avoir, \u00e0 l\u2019\u00c9cole \u00e9thique, un contact \u00e9troit avec l\u2019environnement. Elle leur enseigne la pleine conscience et la compassion envers les \u00eatres vivants et les soutient dans leur recherche de la v\u00e9rit\u00e9.<\/p>\n<p>&nbsp;<\/p>\n\t\t\t\t\t\t<\/div>\n\t\t\t\t\t<\/div>\n\t\t\t\t\t\t\t\t\t<div class=\"col-xs-12 col-sm-6 col-md-4 maTo3\">\n\t\t\t\t\t\t\t\t\t\t\t\t<img decoding=\"async\" src=\"https:\/\/www.stiftung-mensch-und-tier.ch\/wp-content\/uploads\/2023\/01\/Britta-767x575.jpg\" alt=\"\">\n\t\t\t\t\t\t<div class=\"textWrap\">\n\t\t\t\t\t\t\t<h3>Britta Scharping<\/h3>\n<p><em><strong>Directrice g\u00e9n\u00e9rale<\/strong><\/em><br \/>\n<em><strong>Cheffe de l\u2019administration<\/strong><\/em><\/p>\n<p>Britta Scharping travaille depuis octobre 2014 \u00e0 la Fondation L\u2019homme et l\u2019animal. Elle a d\u00e9velopp\u00e9, d\u00e8s son enfance, une \u00e9troite relation avec les animaux et a toujours v\u00e9cu avec nombre d\u2019entre eux, qu\u2019ils soient grands ou petits. Apr\u00e8s des \u00e9tudes d\u2019ethnologie, des \u00e9tudes de genre, de protection de la nature, du paysage et de l\u2019environnement, elle a travaill\u00e9 plusieurs ann\u00e9es dans le domaine des fondations et des ONG. Au sein de la Fondation L\u2019homme et l\u2019animal, elle a pu finalement faire de sa passion un m\u00e9tier en se consacrant \u2013 non seulement en priv\u00e9, mais \u00e9galement professionnellement \u2013 \u00e0 la protection des animaux ainsi qu\u2019\u00e0 l\u2019enseignement de la pleine conscience, de l\u2019attention et de l\u2019empathie envers tous les \u00eatres vivants.<\/p>\n\t\t\t\t\t\t<\/div>\n\t\t\t\t\t<\/div>\n\t\t\t\t\t\t\t\t\t<div class=\"col-xs-12 col-sm-6 col-md-4 maTo3\">\n\t\t\t\t\t\t\t\t\t\t\t\t<img decoding=\"async\" src=\"https:\/\/www.stiftung-mensch-und-tier.ch\/wp-content\/uploads\/2023\/01\/Cristiano1-767x575.jpg\" alt=\"\">\n\t\t\t\t\t\t<div class=\"textWrap\">\n\t\t\t\t\t\t\t<h3>Cristiano Zavoli<\/h3>\n<p><em><strong>Administration<br \/>\nRelations publiques<\/strong><\/em><br \/>\n<em><strong>Fundraising<\/strong><\/em><\/p>\n<p>Cristiano Zavoli (n\u00e9 en 1975 \u00e0 B\u00e2le) travaille depuis janvier 2019 pour la Fondation.<\/p>\n<p>\u00catre de compassion, il est heureux d\u2019&#8217;avoir trouv\u00e9 un travail qui profite \u00e0 ces \u00eatres vivants et les aide, eux qui sont sans d\u00e9fense. L\u2019environnement de travail de cette institution \u00e0 but non lucratif le motive \u00e0 donner le meilleur de lui-m\u00eame.<\/p>\n<p>Il a obtenu sa maturit\u00e9 dans le secteur commercial, avant de suivre une formation de journalisme, qui l\u2019a d\u2019abord conduit au bureau de relecture d\u2019une imprimerie.<\/p>\n<p>Il est heureux d\u2019avoir trouv\u00e9 un travail qui lui permet de lutter contre l\u2019importante vague d\u2019&#8217;indiff\u00e9rence quotidienne \u2013 constante bien que lente \u2013 de nombreux de ses semblables.<\/p>\n<p>&nbsp;<\/p>\n\t\t\t\t\t\t<\/div>\n\t\t\t\t\t<\/div>\n\t\t\t\t\t\t\t\t\t<div class=\"col-xs-12 col-sm-6 col-md-4 maTo3\">\n\t\t\t\t\t\t\t\t\t\t\t\t<img decoding=\"async\" src=\"https:\/\/www.stiftung-mensch-und-tier.ch\/wp-content\/uploads\/2025\/04\/Julia-mit-Schafen-767x575.jpg\" alt=\"\">\n\t\t\t\t\t\t<div class=\"textWrap\">\n\t\t\t\t\t\t\t<h3>Julia Sommerfeld<\/h3>\n<p><em><strong>Administration<br \/>\nRelations publiques<\/strong><\/em><br \/>\n<em><strong>Fundraising<\/strong><\/em><\/p>\n<p>Julia Sommerfeld travaille \u00e0 temps partiel dans l&#8217;\u00e9quipe du bureau depuis le printemps 2025.<br \/>\nDepuis son plus jeune \u00e2ge, la relation consciente avec les animaux et les plantes est un aspect important de sa vie, qui s&#8217;exprime dans ses expositions ind\u00e9pendantes et ses projets de m\u00e9diation sur des th\u00e8mes \u00e9cologiques.<br \/>\nElle se r\u00e9jouit d&#8217;apporter son exp\u00e9rience professionnelle dans le domaine de la m\u00e9diation culturelle et de l&#8217;\u00e9ducation \u00e0 l&#8217;environnement ainsi que dans la gestion culturelle et la collecte de fonds au pr\u00e9cieux travail de la Fondation L&#8217;homme et l&#8217;animal.<\/p>\n<p>&nbsp;<\/p>\n\t\t\t\t\t\t<\/div>\n\t\t\t\t\t<\/div>\n\t\t\t\t\t\t\t\t\t<div class=\"col-xs-12 col-sm-6 col-md-4 maTo3\">\n\t\t\t\t\t\t\t\t\t\t\t\t<img decoding=\"async\" src=\"https:\/\/www.stiftung-mensch-und-tier.ch\/wp-content\/uploads\/2023\/01\/Hasan-767x575.jpg\" alt=\"\">\n\t\t\t\t\t\t<div class=\"textWrap\">\n\t\t\t\t\t\t\t<h3>Hasan Pak<\/h3>\n<p><em><strong>Soigneur<\/strong><\/em><br \/>\n<em><strong>Entretien de la propri\u00e9t\u00e9<\/strong><\/em><\/p>\n<p>Depuis sa plus tendre enfance, Hasan Pak s\u2019occupe d\u2019une grande vari\u00e9t\u00e9 d\u2019animaux.<\/p>\n<p>Il a ensuite travaill\u00e9 pendant de nombreuses ann\u00e9es comme palefrenier.<\/p>\n<p>Avec Hasan Pak, nous avons la chance d\u2019avoir un employ\u00e9 tr\u00e8s comp\u00e9tent, d\u00e9vou\u00e9 et joyeux!<\/p>\n<p>Il peut en enseigner beaucoup aux enfants sur le comportement avec les animaux.<\/p>\n\t\t\t\t\t\t<\/div>\n\t\t\t\t\t<\/div>\n\t\t\t\t\t\t\t\t\t<div class=\"col-xs-12 col-sm-6 col-md-4 maTo3\">\n\t\t\t\t\t\t\t\t\t\t\t\t<img decoding=\"async\" src=\"https:\/\/www.stiftung-mensch-und-tier.ch\/wp-content\/uploads\/2023\/02\/Carmen-2.jpg\" alt=\"\">\n\t\t\t\t\t\t<div class=\"textWrap\">\n\t\t\t\t\t\t\t<h3>Carmen Wurtz<\/h3>\n<p><em><strong>Soigneuse<\/strong><\/em><br \/>\n<em><strong>Entretien de la propri\u00e9t\u00e9<\/strong><\/em><\/p>\n<p>Carmen est une grande amoureuse de tous les animaux, des chats en particulier. Elle est v\u00e9g\u00e9talienne depuis plus de trente ans. Ce qu\u2019elle appr\u00e9cie le plus dans son travail \u00e0 l\u2019\u00c9cole \u00e9thique, c\u2019est le contact avec les animaux, qu\u2019ils puissent vivre leur vie entour\u00e9e d\u2019&#8217;amour et d\u2019empathie. Au contraire de nombreux d\u2019entre eux qui sont maltrait\u00e9s par certains de nos semblables.<\/p>\n\t\t\t\t\t\t<\/div>\n\t\t\t\t\t<\/div>\n\t\t\t\t\t\t\t\t\t<div class=\"col-xs-12 col-sm-6 col-md-4 maTo3\">\n\t\t\t\t\t\t\t\t\t\t\t\t<img decoding=\"async\" src=\"https:\/\/www.stiftung-mensch-und-tier.ch\/wp-content\/uploads\/2023\/07\/cedric-767x575.jpg\" alt=\"\">\n\t\t\t\t\t\t<div class=\"textWrap\">\n\t\t\t\t\t\t\t<h3>C\u00e9dric Kaufmann<\/h3>\n<p><em><strong>Soigneur<br \/>\nEntretien de la propri\u00e9t\u00e9<\/strong><\/em><\/p>\n<p>Depuis son enfance, les animaux jouent un r\u00f4le important dans sa vie : C\u00e9dric a grandi avec des chiens et des chats, et il passait r\u00e9guli\u00e8rement ses vacances scolaires dans la ferme de son oncle. Polygraphe de formation avec huit ans d&#8217;exp\u00e9rience professionnelle au Basler Zeitung Medien, il a r\u00e9alis\u00e9 son r\u00eave \u00e0 35 ans en suivant une formation suppl\u00e9mentaire de gardien d&#8217;animaux CFC au refuge pour animaux des deux B\u00e2le. Apr\u00e8s avoir termin\u00e9 son apprentissage avec succ\u00e8s, il a pris la responsabilit\u00e9 de la pension pour chats \u00e0 Muttenz. Depuis juillet 2023, il compl\u00e8te notre \u00e9quipe \u00e0 Allschwil.<\/p>\n\t\t\t\t\t\t<\/div>\n\t\t\t\t\t<\/div>\n\t\t\t\t\t\t\t\t\t<div class=\"col-xs-12 col-sm-6 col-md-4 maTo3\">\n\t\t\t\t\t\t\t\t\t\t\t\t<img decoding=\"async\" src=\"https:\/\/www.stiftung-mensch-und-tier.ch\/wp-content\/uploads\/2024\/12\/Simone-Homepage-767x575.jpg\" alt=\"\">\n\t\t\t\t\t\t<div class=\"textWrap\">\n\t\t\t\t\t\t\t<h3>Simone Str\u00e4ssler<\/h3>\n<p><em><strong>Soigneuse<\/strong><\/em><\/p>\n<p>Simone a grandi entour\u00e9e de poneys et d&#8217;\u00e2nes. Elle savait d\u00e9j\u00e0 \u00e0 l&#8217;\u00e9poque qu&#8217;elle voulait devenir soigneuse animale, car elle ne pouvait imaginer une vie sans animaux. Elle passe beaucoup de temps dehors avec les poneys dont elle s&#8217;occupe. Elle affectionne particuli\u00e8rement les chevaux et les poneys.<\/p>\n<p>Elle a d&#8217;abord suivi une formation de jardini\u00e8re horticole, puis une formation de soigneuse d&#8217;animaux sauvages au jardin th\u00e9rapeutique Rehab Basel. Elle fait partie de l&#8217;\u00e9quipe de l&#8217;Ethikhof depuis ao\u00fbt 2024.<\/p>\n<p>&nbsp;<\/p>\n\t\t\t\t\t\t<\/div>\n\t\t\t\t\t<\/div>\n\t\t\t\t\t\t<\/div>\n\t<\/div>\n<\/section>\n","protected":false},"excerpt":{"rendered":"","protected":false},"author":2,"featured_media":0,"parent":0,"menu_order":0,"comment_status":"closed","ping_status":"closed","template":"","meta":{"_acf_changed":false,"inline_featured_image":false,"footnotes":""},"class_list":["post-2639","page","type-page","status-publish","hentry"],"acf":[],"_links":{"self":[{"href":"https:\/\/www.stiftung-mensch-und-tier.ch\/fr\/wp-json\/wp\/v2\/pages\/2639","targetHints":{"allow":["GET"]}}],"collection":[{"href":"https:\/\/www.stiftung-mensch-und-tier.ch\/fr\/wp-json\/wp\/v2\/pages"}],"about":[{"href":"https:\/\/www.stiftung-mensch-und-tier.ch\/fr\/wp-json\/wp\/v2\/types\/page"}],"author":[{"embeddable":true,"href":"https:\/\/www.stiftung-mensch-und-tier.ch\/fr\/wp-json\/wp\/v2\/users\/2"}],"replies":[{"embeddable":true,"href":"https:\/\/www.stiftung-mensch-und-tier.ch\/fr\/wp-json\/wp\/v2\/comments?post=2639"}],"version-history":[{"count":23,"href":"https:\/\/www.stiftung-mensch-und-tier.ch\/fr\/wp-json\/wp\/v2\/pages\/2639\/revisions"}],"predecessor-version":[{"id":4011,"href":"https:\/\/www.stiftung-mensch-und-tier.ch\/fr\/wp-json\/wp\/v2\/pages\/2639\/revisions\/4011"}],"wp:attachment":[{"href":"https:\/\/www.stiftung-mensch-und-tier.ch\/fr\/wp-json\/wp\/v2\/media?parent=2639"}],"curies":[{"name":"wp","href":"https:\/\/api.w.org\/{rel}","templated":true}]}}