{"id":2641,"date":"2022-12-01T14:24:50","date_gmt":"2022-12-01T13:24:50","guid":{"rendered":"https:\/\/www.stiftung-mensch-und-tier.ch\/patronat\/"},"modified":"2023-12-08T09:49:13","modified_gmt":"2023-12-08T08:49:13","slug":"patronat","status":"publish","type":"page","link":"https:\/\/www.stiftung-mensch-und-tier.ch\/fr\/patronat\/","title":{"rendered":"Comit\u00e9 de parrainage"},"content":{"rendered":"<section class=\"block-8-bild-neben-text\" style=\" padding-top: rem; padding-bottom: 3rem;\">\n\t\t<div class=\"container\">\n\t\t<div class=\"flexRow\">\n\t\t\t<div class=\"col-xs-12 col-sm-5 col-md-7 maToXS3 col-sm-offset-1 \">\n\t\t\t\t<p>&nbsp;<\/p>\n<p><span style=\"color: #5b75c2;\"><strong>Prof. Dr. Jean-Claude Wolf<\/strong><\/span><\/p>\n<p><span style=\"color: #5b75c2;\">\u00abJe recommande par la pr\u00e9sente les aspirations de l\u2019\u00c9cole \u00e9thique enfant et animal comme apportant une importante contribution \u00e0 une r\u00e9flexion globale sur la relation entre l\u2019homme et son environnement naturel, comme l\u2019encouragement \u00e0 une pratique culturelle prenant racine dans la curiosit\u00e9 et l\u2019&#8217;ouverture des enfants \u00e0 la nature. Elle se fonde sur l\u2019&#8217;attention \u00e0 tout ce qui veut grandir et prosp\u00e9rer et dont le dynamisme encourage l\u2019amiti\u00e9 et la compassion.\u00bb<\/span><\/p>\n\t\t\t<\/div>\n\t\t\t<div class=\"col-xs-12 col-sm-5 col-md-3 order1xs\">\n\t\t\t\t\t\t\t\t<img decoding=\"async\" src=\"https:\/\/www.stiftung-mensch-und-tier.ch\/wp-content\/uploads\/2023\/01\/Maedchen-mit-Huhn-991x856.jpg\" alt=\"\">\n\t\t\t<\/div>\n\t\t<\/div>\n\t<\/div>\n<\/section>\n\n\n \n<section class=\"block-5-freier-text\" style=\" margin-top: 3rem; margin-bottom: rem;\">\n\t\t<div class=\"container\">\n\t\t<div class=\"row\">\n\t\t\t<div class=\"col-xs-12 col-md-10 col-md-offset-1\">\n\t\t\t\t<div class=\"textWrap\">\n\t\t\t\t\t<h2>Le comit\u00e9 de parrainage<\/h2>\n<p>&nbsp;<\/p>\n<p>Le comit\u00e9 de parrainage de la Fondation \u00abL\u2019homme et l\u2019&#8217;aAnimal\u00bb soutient pleinement L\u2019\u00c9cole \u00e9thique enfant et animal.<\/p>\n<p>&nbsp;<\/p>\n<p>Voici les personnalit\u00e9s qui le composent:<\/p>\n<p>&nbsp;<\/p>\n<h3>\u00c9thique:<\/h3>\n<p><strong>Prof. Dr. Jean-Claude Wolf<\/strong><br \/>\nla Chaire d\u2019\u00e9thique et de philosophie politique de l\u2019Universit\u00e9 de Fribourg<\/p>\n<p>&nbsp;<\/p>\n<h3>Environnement:<\/h3>\n<p><strong>Prof. Dr. med. vet. J. A. Auer<\/strong><br \/>\nun ancien directeur de la Clinique de chirurgie v\u00e9t\u00e9rinaire de l\u2019Universit\u00e9 de Zurich<\/p>\n<p><strong>Prof. Dr. med. vet. Detlef W. F\u00f6lsch<\/strong><br \/>\nun ancien professeur d\u2019\u00e9thologie animale appliqu\u00e9e \u00e0 l\u2019Uuniversit\u00e9 de Cassel<\/p>\n<p><strong>Martin Kilchenmann<\/strong><br \/>\nzoologiste dipl\u00f4m\u00e9, Affoltern am Albis<\/p>\n<p><strong>Dr. agr. Anatol Krattiger<\/strong><br \/>\nCornell University, Ithaca, USA\/Riehen<\/p>\n<p><strong>Prof. Dr. med. vet. Christophe W. Lombard<\/strong><br \/>\nun ancien directeur de la Clinique des petits animaux domestiques de l&#8217;Universit\u00e9 de Berne<\/p>\n<p><strong>Prof. Dr. med. vet. Pierre Montavon<\/strong><br \/>\nun ancien directeur de la clinique chirurgicale pour petits animaux de l&#8217;universit\u00e9 de Zurich<\/p>\n<p><strong>Prof. Dr. med. vet. Claudia Reusch<\/strong><br \/>\nla directrice de la Clinique des petits animaux domestiques de l&#8217;Universit\u00e9 de Zurich<\/p>\n<p><strong>Dr. med. vet. Ulrike Schnurrenberger<\/strong><br \/>\nV\u00e9t\u00e9rinaire\/hom\u00e9opathe, Riehen<\/p>\n<p>&nbsp;<\/p>\n<h3><strong>\u00c9ducation<\/strong><\/h3>\n<p><strong>Verena Frei<\/strong><br \/>\nlic. phil. I, une professeure de lyc\u00e9e , Basel<\/p>\n<p><strong>Lacezarna Krattiger<\/strong><br \/>\nune enseignante en maternelle, Riehen<\/p>\n<p><strong>Hartmut M\u00fcller<\/strong><br \/>\nun ancien professeur de lyc\u00e9e, Riehen<\/p>\n<p>&nbsp;<\/p>\n<h3>\u00c9glise<\/h3>\n<p><strong>Pasteur Roland Bressan<\/strong><br \/>\nH\u00f6lstein<\/p>\n<p><strong>Pasteur Anselm Burr<\/strong><br \/>\nun ancien pasteur in Z\u00fcrich<\/p>\n<p><strong>Pasteur J\u00fcrg Spielmann<\/strong><br \/>\nZ\u00fcrich<\/p>\n<p>&nbsp;<\/p>\n<h3>Sant\u00e9<\/h3>\n<p><strong>Arthur Leutwiler<\/strong><br \/>\nun psychoth\u00e9rapeute ASP, analyste formateur et charg\u00e9 de cours \u00e0 l\u2019&#8217;Institut C. G. Jung de Zurich<\/p>\n<p>&nbsp;<\/p>\n<h3>Autres membres:<\/h3>\n<p><strong>Pitt Buchm\u00fcller<\/strong><br \/>\nStrengelbach<\/p>\n<p><strong>Ursi und Paul Kurrus<\/strong><br \/>\nArlesheim<\/p>\n<p><strong>Dr. iur. Pascal und Sandra Tr\u00f6sch<\/strong><br \/>\nBasel<\/p>\n<p>&nbsp;<\/p>\n<h3>Organisationen<\/h3>\n<p><strong>Rotary-Club<\/strong><br \/>\nAllschwil<\/p>\n\t\t\t\t<\/div>\n\t\t\t<\/div>\n\t\t<\/div>\n\t<\/div>\n<\/section>\n","protected":false},"excerpt":{"rendered":"","protected":false},"author":2,"featured_media":0,"parent":0,"menu_order":0,"comment_status":"closed","ping_status":"closed","template":"","meta":{"_acf_changed":false,"inline_featured_image":false,"footnotes":""},"class_list":["post-2641","page","type-page","status-publish","hentry"],"acf":[],"_links":{"self":[{"href":"https:\/\/www.stiftung-mensch-und-tier.ch\/fr\/wp-json\/wp\/v2\/pages\/2641","targetHints":{"allow":["GET"]}}],"collection":[{"href":"https:\/\/www.stiftung-mensch-und-tier.ch\/fr\/wp-json\/wp\/v2\/pages"}],"about":[{"href":"https:\/\/www.stiftung-mensch-und-tier.ch\/fr\/wp-json\/wp\/v2\/types\/page"}],"author":[{"embeddable":true,"href":"https:\/\/www.stiftung-mensch-und-tier.ch\/fr\/wp-json\/wp\/v2\/users\/2"}],"replies":[{"embeddable":true,"href":"https:\/\/www.stiftung-mensch-und-tier.ch\/fr\/wp-json\/wp\/v2\/comments?post=2641"}],"version-history":[{"count":8,"href":"https:\/\/www.stiftung-mensch-und-tier.ch\/fr\/wp-json\/wp\/v2\/pages\/2641\/revisions"}],"predecessor-version":[{"id":2719,"href":"https:\/\/www.stiftung-mensch-und-tier.ch\/fr\/wp-json\/wp\/v2\/pages\/2641\/revisions\/2719"}],"wp:attachment":[{"href":"https:\/\/www.stiftung-mensch-und-tier.ch\/fr\/wp-json\/wp\/v2\/media?parent=2641"}],"curies":[{"name":"wp","href":"https:\/\/api.w.org\/{rel}","templated":true}]}}