{"id":2649,"date":"2022-10-07T15:56:31","date_gmt":"2022-10-07T13:56:31","guid":{"rendered":"https:\/\/www.stiftung-mensch-und-tier.ch\/tierpatenschaft\/"},"modified":"2026-01-20T11:12:54","modified_gmt":"2026-01-20T10:12:54","slug":"tierpatenschaft","status":"publish","type":"page","link":"https:\/\/www.stiftung-mensch-und-tier.ch\/fr\/tierpatenschaft\/","title":{"rendered":"Parrainage"},"content":{"rendered":"<section class=\"block-10-tabelle\" style=\" padding-top: rem; padding-bottom: rem;\">\n\t\t<div class=\"innerWrap\">\n\t\t<div class=\"container\">\n\t\t\t<h1><strong>Parrainer un animal<\/strong><\/h1>\n<p>En tant que marraine ou parrain, vous permettez l&#8217;h\u00e9bergement, les soins et l&#8217;attention affectueuse prodigu\u00e9s \u00e0 \u00ab votre \u00bb prot\u00e9g\u00e9 qui, gr\u00e2ce \u00e0 votre aide, peut vivre en s\u00e9curit\u00e9 et s&#8217;\u00e9panouir. Vous trouverez <strong><a href=\"https:\/\/www.stiftung-mensch-und-tier.ch\/fr\/tiere\/\">ici<\/a> <\/strong>un aper\u00e7u des animaux que vous pouvez parrainer.<\/p>\n<p>Les fonds issus du parrainage sont exclusivement destin\u00e9s \u00e0 subvenir aux besoins des animaux de la ferme \u00e9thique. L&#8217;argent est utilis\u00e9 pour l&#8217;h\u00e9bergement, l&#8217;alimentation, les soins et les soins m\u00e9dicaux des animaux de la ferme \u00e9thique.<\/p>\n<p>Pour chacune de nos esp\u00e8ces animales, nous proposons trois mod\u00e8les de parrainage &#8211; <strong>bronze, argent, or<\/strong> &#8211; dont le montant est calcul\u00e9 en fonction des co\u00fbts r\u00e9els.<\/p>\n<p>Vous pouvez parrainer l&#8217;animal de votre choix pour une ann\u00e9e civile. Vous avez bien s\u00fbr \u00e9galement la possibilit\u00e9 d&#8217;offrir un parrainage en cadeau.<\/p>\n<p>&nbsp;<\/p>\n<p>&nbsp;<\/p>\n\t\t\t<div class=\"tableWrap\">\n\t\t\t\t<table border=\"0\"><thead><tr><th>Esp\u00e8ce animale\n<\/th><th>Bronze<\/th><th>Argent\n<\/th><th>Or<\/th><\/tr><\/thead><tbody><tr><td>Cheval \/ Poney<\/td><td>450.-<\/td><td>900.-<\/td><td>1&#8217;800.-<\/td><\/tr><tr><td>Bovin<\/td><td>450.-<\/td><td>900.-\n<\/td><td>1&#8217;800.-<\/td><\/tr><tr><td>\u00c2ne<\/td><td>300.-<\/td><td>600.-<\/td><td>1&#8217;200.-<\/td><\/tr><tr><td>Ch\u00e8vre\n<\/td><td>240.-<\/td><td>480.-<\/td><td>960.-<\/td><\/tr><tr><td>Mouton \n<\/td><td>240.-<\/td><td>480.-<\/td><td>960.-<\/td><\/tr><tr><td>Porc<\/td><td>240.-<\/td><td>480.-<\/td><td>960.-<\/td><\/tr><tr><td>Chien<\/td><td>210.-<\/td><td>420.-<\/td><td>840.-<\/td><\/tr><tr><td>Chat<\/td><td>120.-<\/td><td>240.-<\/td><td>480.-<\/td><\/tr><tr><td>Poules<\/td><td>60.-<\/td><td>120.-\n<\/td><td>240.-<\/td><\/tr><tr><td>Pigeon<\/td><td>30.-<\/td><td>60.-\n<\/td><td>120.-\n<\/td><\/tr><\/tbody><\/table>\t\t\t<\/div>\n\t\t\t\t\t\t\t\t<\/div>\n\t<\/div>\n<\/section>\n\n<section class=\"block-12-kontaktformular\" style=\" padding-top: 1rem; padding-bottom: 0rem;\">\n\t\t<div class=\"container\">\n\t\t<div class=\"row\">\n\t\t\t<div class=\"col-xs-12 col-sm-10 col-sm-offset-1\">\n\t\t\t\t<div class=\"innerWrap\">\n\t\t\t\t\t\t\t\t\t\t<div class=\"contactFormWrap\">\n\t\t\t\t\t\t<div class=\"wpforms-container wpforms-container-full\" id=\"wpforms-459\"><form id=\"wpforms-form-459\" class=\"wpforms-validate wpforms-form wpforms-ajax-form\" data-formid=\"459\" method=\"post\" enctype=\"multipart\/form-data\" action=\"\/fr\/wp-json\/wp\/v2\/pages\/2649\" data-token=\"60be40f4981c0720d0c79bb9e274683d\" data-token-time=\"1776669973\"><noscript class=\"wpforms-error-noscript\">Veuillez activer JavaScript dans votre navigateur pour remplir ce formulaire.<\/noscript><div class=\"wpforms-field-container\"><div id=\"wpforms-459-field_12-container\" class=\"wpforms-field wpforms-field-layout\" data-field-id=\"12\"><div class=\"wpforms-field-layout-rows wpforms-field-large\"><div class=\"wpforms-layout-row\"><div class=\"wpforms-layout-column wpforms-layout-column-50\"><div id=\"wpforms-459-field_2-container\" class=\"wpforms-field wpforms-field-text\" data-field-id=\"2\"><label class=\"wpforms-field-label\" for=\"wpforms-459-field_2\">Animal<\/label><input type=\"text\" id=\"wpforms-459-field_2\" class=\"wpforms-field-medium\" name=\"wpforms[fields][2]\" ><\/div><\/div><div class=\"wpforms-layout-column wpforms-layout-column-50\"><div id=\"wpforms-459-field_13-container\" class=\"wpforms-field wpforms-field-select wpforms-field-select-style-classic\" data-field-id=\"13\"><label class=\"wpforms-field-label\" for=\"wpforms-459-field_13\">Mod\u00e8le de parrainage<\/label><select id=\"wpforms-459-field_13\" class=\"wpforms-field-medium\" name=\"wpforms[fields][13]\"><option value=\"Or\"  class=\"choice-1 depth-1\"  >Or<\/option><option value=\"Argent\"  class=\"choice-2 depth-1\"  >Argent<\/option><option value=\"Bronze\"  class=\"choice-3 depth-1\"  >Bronze<\/option><\/select><\/div><\/div><\/div><\/div><\/div><div id=\"wpforms-459-field_3-container\" class=\"wpforms-field wpforms-field-name\" data-field-id=\"3\"><label class=\"wpforms-field-label\" for=\"wpforms-459-field_3\">Pr\u00e9nom et nom <span class=\"wpforms-required-label\">*<\/span><\/label><input type=\"text\" id=\"wpforms-459-field_3\" class=\"wpforms-field-medium wpforms-field-required\" name=\"wpforms[fields][3]\" required><\/div><div id=\"wpforms-459-field_9-container\" class=\"wpforms-field wpforms-field-text\" data-field-id=\"9\"><label class=\"wpforms-field-label\" for=\"wpforms-459-field_9\">Voie et num\u00e9ro<\/label><input type=\"text\" id=\"wpforms-459-field_9\" class=\"wpforms-field-medium\" name=\"wpforms[fields][9]\" ><\/div><div id=\"wpforms-459-field_10-container\" class=\"wpforms-field wpforms-field-text\" data-field-id=\"10\"><label class=\"wpforms-field-label\" for=\"wpforms-459-field_10\">CP et lieu<\/label><input type=\"text\" id=\"wpforms-459-field_10\" class=\"wpforms-field-medium\" name=\"wpforms[fields][10]\" ><\/div><div id=\"wpforms-459-field_4-container\" class=\"wpforms-field wpforms-field-email\" data-field-id=\"4\"><label class=\"wpforms-field-label\" for=\"wpforms-459-field_4\">E-Mail <span class=\"wpforms-required-label\">*<\/span><\/label><input type=\"email\" id=\"wpforms-459-field_4\" class=\"wpforms-field-medium wpforms-field-required\" name=\"wpforms[fields][4]\" spellcheck=\"false\" required><\/div><div id=\"wpforms-459-field_7-container\" class=\"wpforms-field wpforms-field-text\" data-field-id=\"7\"><label class=\"wpforms-field-label\" for=\"wpforms-459-field_7\">Votre message<\/label><input type=\"text\" id=\"wpforms-459-field_7\" class=\"wpforms-field-medium\" name=\"wpforms[fields][7]\" ><\/div><div id=\"wpforms-459-field_11-container\" class=\"wpforms-field wpforms-field-checkbox\" data-field-id=\"11\"><label class=\"wpforms-field-label\">Je voudrais...<\/label><ul id=\"wpforms-459-field_11\"><li class=\"choice-1 depth-1\"><input type=\"checkbox\" id=\"wpforms-459-field_11_1\" name=\"wpforms[fields][11][]\" value=\"Offrir un parrainage\"  ><label class=\"wpforms-field-label-inline\" for=\"wpforms-459-field_11_1\">Offrir un parrainage<\/label><\/li><li class=\"choice-2 depth-1\"><input type=\"checkbox\" id=\"wpforms-459-field_11_2\" name=\"wpforms[fields][11][]\" value=\"Pas de certificat\"  ><label class=\"wpforms-field-label-inline\" for=\"wpforms-459-field_11_2\">Pas de certificat<\/label><\/li><li class=\"choice-3 depth-1\"><input type=\"checkbox\" id=\"wpforms-459-field_11_3\" name=\"wpforms[fields][11][]\" value=\"Un bulletin de versement par courrier\"  ><label class=\"wpforms-field-label-inline\" for=\"wpforms-459-field_11_3\">Un bulletin de versement par courrier<\/label><\/li><li class=\"choice-4 depth-1\"><input type=\"checkbox\" id=\"wpforms-459-field_11_4\" name=\"wpforms[fields][11][]\" value=\"Un bulletin de versement par courriel\"  ><label class=\"wpforms-field-label-inline\" for=\"wpforms-459-field_11_4\">Un bulletin de versement par courriel<\/label><\/li><\/ul><\/div><\/div><!-- .wpforms-field-container --><div class=\"wpforms-recaptcha-container wpforms-is-recaptcha wpforms-is-recaptcha-type-v3\" ><input type=\"hidden\" name=\"wpforms[recaptcha]\" value=\"\"><\/div><div class=\"wpforms-submit-container\" ><input type=\"hidden\" name=\"wpforms[id]\" value=\"459\"><input type=\"hidden\" name=\"page_title\" value=\"\"><input type=\"hidden\" name=\"page_url\" value=\"https:\/\/www.stiftung-mensch-und-tier.ch\/fr\/wp-json\/wp\/v2\/pages\/2649\"><input type=\"hidden\" name=\"url_referer\" value=\"\"><button type=\"submit\" name=\"wpforms[submit]\" id=\"wpforms-submit-459\" class=\"wpforms-submit\" data-alt-text=\"Envoyer...\" data-submit-text=\"Envoyer\" aria-live=\"assertive\" value=\"wpforms-submit\">Envoyer<\/button><img loading=\"lazy\" decoding=\"async\" src=\"https:\/\/www.stiftung-mensch-und-tier.ch\/wp-content\/plugins\/wpforms\/assets\/images\/submit-spin.svg\" class=\"wpforms-submit-spinner\" style=\"display: none;\" width=\"26\" height=\"26\" alt=\"Chargement en cours\"><\/div><\/form><\/div>  <!-- .wpforms-container -->\t\t\t\t\t<\/div>\n\t\t\t\t<\/div>\n\t\t\t<\/div>\n\t\t<\/div>\n\t<\/div>\n<\/section>\n","protected":false},"excerpt":{"rendered":"","protected":false},"author":1,"featured_media":0,"parent":0,"menu_order":0,"comment_status":"closed","ping_status":"closed","template":"","meta":{"_acf_changed":false,"inline_featured_image":false,"footnotes":""},"class_list":["post-2649","page","type-page","status-publish","hentry"],"acf":[],"_links":{"self":[{"href":"https:\/\/www.stiftung-mensch-und-tier.ch\/fr\/wp-json\/wp\/v2\/pages\/2649","targetHints":{"allow":["GET"]}}],"collection":[{"href":"https:\/\/www.stiftung-mensch-und-tier.ch\/fr\/wp-json\/wp\/v2\/pages"}],"about":[{"href":"https:\/\/www.stiftung-mensch-und-tier.ch\/fr\/wp-json\/wp\/v2\/types\/page"}],"author":[{"embeddable":true,"href":"https:\/\/www.stiftung-mensch-und-tier.ch\/fr\/wp-json\/wp\/v2\/users\/1"}],"replies":[{"embeddable":true,"href":"https:\/\/www.stiftung-mensch-und-tier.ch\/fr\/wp-json\/wp\/v2\/comments?post=2649"}],"version-history":[{"count":33,"href":"https:\/\/www.stiftung-mensch-und-tier.ch\/fr\/wp-json\/wp\/v2\/pages\/2649\/revisions"}],"predecessor-version":[{"id":4080,"href":"https:\/\/www.stiftung-mensch-und-tier.ch\/fr\/wp-json\/wp\/v2\/pages\/2649\/revisions\/4080"}],"wp:attachment":[{"href":"https:\/\/www.stiftung-mensch-und-tier.ch\/fr\/wp-json\/wp\/v2\/media?parent=2649"}],"curies":[{"name":"wp","href":"https:\/\/api.w.org\/{rel}","templated":true}]}}