{"id":2653,"date":"2023-07-14T10:56:15","date_gmt":"2023-07-14T08:56:15","guid":{"rendered":"https:\/\/www.stiftung-mensch-und-tier.ch\/unsere-unvergessenen\/"},"modified":"2026-02-17T15:38:33","modified_gmt":"2026-02-17T14:38:33","slug":"unsere-unvergessenen","status":"publish","type":"page","link":"https:\/\/www.stiftung-mensch-und-tier.ch\/fr\/unsere-unvergessenen\/","title":{"rendered":"Nos inoubliables"},"content":{"rendered":"<section class=\"block-9-text-und-bild-3-spaltig\" style=\" padding-top: rem; padding-bottom: rem;\">\n\t\t<div class=\"container\">\n\t\t\t\t<div class=\"flexRow\">\n\t\t\t\t\t\t\t\t<div class=\"col-xs-12 col-sm-6 col-md-4 maTo3\">\n\t\t\t\t\t\t\t\t\t\t\t\t<img decoding=\"async\" src=\"https:\/\/www.stiftung-mensch-und-tier.ch\/wp-content\/uploads\/2023\/07\/Oski-767x575.jpg\" alt=\"\">\n\t\t\t\t\t\t<div class=\"textWrap\">\n\t\t\t\t\t\t\t<h3>Oski<\/h3>\n<p>Le cochon Oski nous a \u00e9t\u00e9 amen\u00e9 par des enfants. Il aurait d\u00fb \u00eatre abattu, comme des milliers de ses cong\u00e9n\u00e8res. Mais comme les enfants avaient nou\u00e9 une amiti\u00e9 avec Oski, ils ne voulaient pas que cela se produise. Ils nous ont amen\u00e9 Oski, qui a \u00e9t\u00e9 d\u00e8s lors un m\u00e9diateur important \u00e0 la ferme \u00e9thique : il \u00e9tait et est toujours le repr\u00e9sentant des nombreux autres cochons qui sont abattus chaque jour. L&#8217;histoire d&#8217;Oski a \u00e9galement \u00e9t\u00e9 consign\u00e9e dans le livre pour enfants de Christine R\u00fcedi \u00ab Oski ganz gross \u00bb. Il a pour but de montrer la triste r\u00e9alit\u00e9 des porcs \u00e0 travers l&#8217;exemple d&#8217;Oski et surtout de donner le courage de s&#8217;engager pour la vie des animaux.<\/p>\n\t\t\t\t\t\t<\/div>\n\t\t\t\t\t<\/div>\n\t\t\t\t\t\t\t\t\t<div class=\"col-xs-12 col-sm-6 col-md-4 maTo3\">\n\t\t\t\t\t\t\t\t\t\t\t\t<img decoding=\"async\" src=\"https:\/\/www.stiftung-mensch-und-tier.ch\/wp-content\/uploads\/2023\/07\/Babu_0126-767x537.jpg\" alt=\"\">\n\t\t\t\t\t\t<div class=\"textWrap\">\n\t\t\t\t\t\t\t<h3>Babu<\/h3>\n<p>Ce m\u00e2le a eu une grande mission chez nous.<\/p>\n<p>D\u00e8s l&#8217;\u00e2ge de chiot, BABULI a \u00e9t\u00e9 un parfait transmetteur de valeurs \u00e9thiques aupr\u00e8s des enfants, \u00e0 l&#8217;occasion de nos cours &#8216;Compr\u00e9hension de la nature et pr\u00e9vention de la violence&#8217;. Avec son caract\u00e8re adorable, il enchantait tout le monde. C&#8217;est le premier animal que les enfants ont approch\u00e9 de tr\u00e8s pr\u00e8s dans notre \u00e9cole d&#8217;\u00e9thique. Et il s&#8217;en est sorti avec brio. BABU a offert \u00e0 chaque enfant son attention et son affection. Il y avait des milliers d&#8217;enfants. Il n&#8217;a jamais dit &#8216;non&#8217;, ce que nous aurions bien s\u00fbr respect\u00e9. Et si un enfant avait des besoins particuliers, par exemple des peurs, il se couchait devant lui sans le regarder, il devait savoir que son regard aurait pu effrayer l&#8217;enfant. Presque sans exception, les enfants ont alors os\u00e9 le caresser.<\/p>\n<p>Et c&#8217;est ainsi que BABULI a gagn\u00e9 tous les c\u0153urs. Lui, une cr\u00e9ature compl\u00e8tement d\u00e9velopp\u00e9e et merveilleuse. D&#8217;une nature si \u00e9quilibr\u00e9e et si pure, comme j&#8217;ai toujours souhait\u00e9 lui ressembler. Cher BABU, meilleur ami, je te remercie. Tu as \u00e9t\u00e9 un merveilleux professeur, qui nous a enseign\u00e9 avec joie et amour. Tu nous as r\u00e9v\u00e9l\u00e9 qui sont les animaux : Nos fr\u00e8res et s\u0153urs. Et ce faisant, nous, les humains, devons aussi nous efforcer d&#8217;\u00eatre dignes de ce fait.<\/p>\n\t\t\t\t\t\t<\/div>\n\t\t\t\t\t<\/div>\n\t\t\t\t\t\t\t\t\t<div class=\"col-xs-12 col-sm-6 col-md-4 maTo3\">\n\t\t\t\t\t\t\t\t\t\t\t\t<img decoding=\"async\" src=\"https:\/\/www.stiftung-mensch-und-tier.ch\/wp-content\/uploads\/2023\/01\/IMG_6664-575x767.jpg\" alt=\"\">\n\t\t\t\t\t\t<div class=\"textWrap\">\n\t\t\t\t\t\t\t<h3>Stella-Mia<\/h3>\n<p>N\u00e9e dans une maison de d\u00e9molition, nous avons recueilli Stella Mia, alors encore sauvage, avec sa famille sauvage. Nous avons pris soin de la m\u00e8re et de ses quatre enfants et les avons plac\u00e9s. Stella Mia s&#8217;\u00e9tait tellement li\u00e9e d&#8217;amiti\u00e9 avec notre chat Georg que nous l&#8217;avons gard\u00e9e chez nous, ces deux-l\u00e0 \u00e9taient \u00ab un c\u0153ur et une \u00e2me \u00bb. Et ensemble, ils ont \u00e9t\u00e9 un grand enrichissement pour les enfants !<\/p>\n\t\t\t\t\t\t<\/div>\n\t\t\t\t\t<\/div>\n\t\t\t\t\t\t\t\t\t<div class=\"col-xs-12 col-sm-6 col-md-4 maTo3\">\n\t\t\t\t\t\t\t\t\t\t\t\t<img decoding=\"async\" src=\"https:\/\/www.stiftung-mensch-und-tier.ch\/wp-content\/uploads\/2023\/07\/Ilusa-2016-2-767x614.jpg\" alt=\"\">\n\t\t\t\t\t\t<div class=\"textWrap\">\n\t\t\t\t\t\t\t<h3>Ilusa<\/h3>\n<p>Cette magnifique jument d&#8217;origine espagnole devait \u00eatre euthanasi\u00e9e. Une athl\u00e8te aux grands yeux sombres et calmes. Ilusa s&#8217;\u00e9tait bless\u00e9e \u00e0 un tendon. Un traitement \u00e9tait possible, elle devrait \u00eatre op\u00e9r\u00e9e et ensuite m\u00e9nag\u00e9e pendant environ un an, c&#8217;est-\u00e0-dire qu&#8217;elle ne serait pas mont\u00e9e. De plus, l&#8217;animal ne pourrait plus jamais \u00eatre utilis\u00e9 comme cheval de sport. Elle a toutefois droit \u00e0 une vie de cheval de p\u00e2turage heureux et la jument a donc \u00e9t\u00e9 remise \u00e0 la fondation. Elle a \u00e9t\u00e9 op\u00e9r\u00e9e avec succ\u00e8s et a ensuite v\u00e9cu de nombreuses ann\u00e9es de bonheur dans une \u00e9curie spacieuse avec un p\u00e2turage adjacent.<\/p>\n\t\t\t\t\t\t<\/div>\n\t\t\t\t\t<\/div>\n\t\t\t\t\t\t\t\t\t<div class=\"col-xs-12 col-sm-6 col-md-4 maTo3\">\n\t\t\t\t\t\t\t\t\t\t\t\t<img decoding=\"async\" src=\"https:\/\/www.stiftung-mensch-und-tier.ch\/wp-content\/uploads\/2023\/07\/IMG_4506-575x767.jpg\" alt=\"\">\n\t\t\t\t\t\t<div class=\"textWrap\">\n\t\t\t\t\t\t\t<h3>Opal<\/h3>\n<p>L&#8217;adorable mini poney Shetland \u00e9tait, comme son nom l&#8217;indique, un bijou tr\u00e8s particulier. Sa coloration sp\u00e9ciale et l&#8217;expression de son visage prouvaient sa particularit\u00e9. Il nous manque, non seulement \u00e0 nous, mais aussi \u00e0 son troupeau de poneys.<\/p>\n\t\t\t\t\t\t<\/div>\n\t\t\t\t\t<\/div>\n\t\t\t\t\t\t\t\t\t<div class=\"col-xs-12 col-sm-6 col-md-4 maTo3\">\n\t\t\t\t\t\t\t\t\t\t\t\t<img decoding=\"async\" src=\"https:\/\/www.stiftung-mensch-und-tier.ch\/wp-content\/uploads\/2023\/01\/Ira-Samara-767x575.jpg\" alt=\"\">\n\t\t\t\t\t\t<div class=\"textWrap\">\n\t\t\t\t\t\t\t<h3>Ira und Samara<\/h3>\n<p>Nous avons recueilli Ira et Samara aupr\u00e8s d&#8217;une organisation de protection des animaux \u00e0 Lanzarote. Elles ont \u00e9t\u00e9 un grand enrichissement, y compris pour les enfants qui fr\u00e9quentent notre &#8216;\u00e9cole d&#8217;\u00e9thique pour enfants et animaux&#8217;. Les enfants peuvent particuli\u00e8rement bien comprendre \u00e0 quel point il est important pour les animaux d&#8217;avoir un bon foyer. Les deux chiennes sont d\u00e9c\u00e9d\u00e9es la m\u00eame ann\u00e9e.<\/p>\n<p>&nbsp;<\/p>\n<p>&nbsp;<\/p>\n<p>&nbsp;<\/p>\n\t\t\t\t\t\t<\/div>\n\t\t\t\t\t<\/div>\n\t\t\t\t\t\t\t\t\t<div class=\"col-xs-12 col-sm-6 col-md-4 maTo3\">\n\t\t\t\t\t\t\t\t\t\t\t\t<img decoding=\"async\" src=\"https:\/\/www.stiftung-mensch-und-tier.ch\/wp-content\/uploads\/2023\/07\/Willy-Billi-Baerli-767x575.jpg\" alt=\"\">\n\t\t\t\t\t\t<div class=\"textWrap\">\n\t\t\t\t\t\t\t<h3>Willy-Billy-B\u00e4rli<\/h3>\n<p>Ce chat castr\u00e9 est n\u00e9 dans un refuge pour animaux. Apr\u00e8s plusieurs tentatives de placement infructueuses, ce dernier ne pouvait plus prendre en charge le chat, qui a donc atterri chez nous. Le chat a profit\u00e9 de ses vieux jours \u00e0 la ferme \u00e9thique. Il lui arrivait de passer spontan\u00e9ment lors d&#8217;un cours, dehors \u00e0 l&#8217;accueil des enfants, dans l&#8217;\u00e9curie ou dans la salle de cours. C&#8217;\u00e9tait un chat fier de ses 21 ans.<\/p>\n\t\t\t\t\t\t<\/div>\n\t\t\t\t\t<\/div>\n\t\t\t\t\t\t\t\t\t<div class=\"col-xs-12 col-sm-6 col-md-4 maTo3\">\n\t\t\t\t\t\t\t\t\t\t\t\t<img decoding=\"async\" src=\"https:\/\/www.stiftung-mensch-und-tier.ch\/wp-content\/uploads\/2023\/07\/Machu-Picchu-621x767.jpg\" alt=\"\">\n\t\t\t\t\t\t<div class=\"textWrap\">\n\t\t\t\t\t\t\t<h3>Machu Picchu<\/h3>\n<p>Men\u00e9 par une corde, un petit bouc nous a \u00e9t\u00e9 apport\u00e9. La marque d&#8217;identification de l&#8217;oreille manquait. Bien qu&#8217;il ait \u00e9t\u00e9 d\u00e9clar\u00e9 au centre de recherche des animaux, personne ne l&#8217;a cherch\u00e9. Nous l&#8217;avons appel\u00e9 Machu Picchu. Cela signifie \u00ab vieux sommet \u00bb, une montagne majestueuse du P\u00e9rou. Ce magnifique bouc \u00e9tait lui aussi sublime.<\/p>\n\t\t\t\t\t\t<\/div>\n\t\t\t\t\t<\/div>\n\t\t\t\t\t\t\t\t\t<div class=\"col-xs-12 col-sm-6 col-md-4 maTo3\">\n\t\t\t\t\t\t\t\t\t\t\t\t<img decoding=\"async\" src=\"https:\/\/www.stiftung-mensch-und-tier.ch\/wp-content\/uploads\/2023\/07\/Amali-767x767.jpg\" alt=\"\">\n\t\t\t\t\t\t<div class=\"textWrap\">\n\t\t\t\t\t\t\t<h3>Amali<\/h3>\n<p>Amali a v\u00e9cu de nombreuses ann\u00e9es avec un cheval avant de nous rejoindre \u00e0 la ferme. Atteinte de fourbure, l&#8217;\u00e2nesse s&#8217;est approch\u00e9e \u00e0 t\u00e2tons de Petit Prince et de Melina. Il n&#8217;a pas fallu longtemps pour que les trois deviennent ins\u00e9parables. Malgr\u00e9 sa propre volont\u00e9, elle a toujours \u00e9t\u00e9 correcte et affectueuse dans ses rapports avec les autres.<\/p>\n\t\t\t\t\t\t<\/div>\n\t\t\t\t\t<\/div>\n\t\t\t\t\t\t\t\t\t<div class=\"col-xs-12 col-sm-6 col-md-4 maTo3\">\n\t\t\t\t\t\t\t\t\t\t\t\t<img decoding=\"async\" src=\"https:\/\/www.stiftung-mensch-und-tier.ch\/wp-content\/uploads\/2023\/07\/IMG_1656-575x767.jpg\" alt=\"\">\n\t\t\t\t\t\t<div class=\"textWrap\">\n\t\t\t\t\t\t\t<h3>Odin<\/h3>\n<p>Odin, le hongre palomino, \u00e9tait un tas de mis\u00e8re, plein de peur et sans confiance en lui. Il vivait \u00e0 la ferme \u00e9thique depuis sa cr\u00e9ation, apr\u00e8s avoir d\u00fb changer de place \u00e0 de nombreuses reprises. Odin lui-m\u00eame avait alors environ seize ans.<br \/>\nChez nous, Odin s&#8217;est tout de suite r\u00e9fugi\u00e9 dans un coin de l&#8217;\u00e9table. Il avait une peur insurmontable des humains. Une fois qu&#8217;il a \u00e9t\u00e9 mal form\u00e9, il est difficile pour un animal de regagner la confiance.<\/p>\n<p>Avec les enfants, nous avons r\u00e9fl\u00e9chi \u00e0 la mani\u00e8re dont nous pouvions aider Odin. Nous lui avons donn\u00e9 beaucoup d&#8217;espace pour qu&#8217;il ne se sente pas oppress\u00e9 et que la peur ne remonte pas en lui. Avec le temps, sa peur s&#8217;est compl\u00e8tement dissip\u00e9e et Odin est devenu un merveilleux coll\u00e8gue pour enseigner aux enfants.<\/p>\n\t\t\t\t\t\t<\/div>\n\t\t\t\t\t<\/div>\n\t\t\t\t\t\t\t\t\t<div class=\"col-xs-12 col-sm-6 col-md-4 maTo3\">\n\t\t\t\t\t\t\t\t\t\t\t\t<img decoding=\"async\" src=\"https:\/\/www.stiftung-mensch-und-tier.ch\/wp-content\/uploads\/2023\/07\/2011-02-049-767x575.jpg\" alt=\"\">\n\t\t\t\t\t\t<div class=\"textWrap\">\n\t\t\t\t\t\t\t<h3>Lea<\/h3>\n<p>Lea est arriv\u00e9e \u00e0 l&#8217;Ethikhof \u00e0 l&#8217;\u00e2ge de 18 mois, en provenance du refuge, comme un petit tas de mis\u00e8re. Au vu de son comportement, on pouvait supposer qu&#8217;elle avait \u00e9t\u00e9 s\u00e9par\u00e9e beaucoup trop t\u00f4t de sa m\u00e8re et de ses fr\u00e8res et s\u0153urs. L&#8217;apprentissage si important des chiots n&#8217;avait en tout cas pas eu lieu, car la chienne avait peur de tout. Les autres chiens l&#8217;ont prise en charge et elle a bient\u00f4t combl\u00e9 ses lacunes.<\/p>\n\t\t\t\t\t\t<\/div>\n\t\t\t\t\t<\/div>\n\t\t\t\t\t\t\t\t\t<div class=\"col-xs-12 col-sm-6 col-md-4 maTo3\">\n\t\t\t\t\t\t\t\t\t\t\t\t<img decoding=\"async\" src=\"https:\/\/www.stiftung-mensch-und-tier.ch\/wp-content\/uploads\/2023\/07\/Dschingis-Khan.jpg\" alt=\"\">\n\t\t\t\t\t\t<div class=\"textWrap\">\n\t\t\t\t\t\t\t<h3>Dschingis Khan<\/h3>\n<p>Gengis Khan \u00e9tait courageux, en accord avec son nom. Il aimait l&#8217;hiver car il souffrait d&#8217;ecz\u00e9ma estival, une allergie aux mouches noires. Il avait donc besoin de soins intensifs du printemps \u00e0 l&#8217;automne, soins que nous avons volontiers prodigu\u00e9s \u00e0 ce merveilleux poney.<\/p>\n\t\t\t\t\t\t<\/div>\n\t\t\t\t\t<\/div>\n\t\t\t\t\t\t\t\t\t<div class=\"col-xs-12 col-sm-6 col-md-4 maTo3\">\n\t\t\t\t\t\t\t\t\t\t\t\t<img decoding=\"async\" src=\"https:\/\/www.stiftung-mensch-und-tier.ch\/wp-content\/uploads\/2023\/07\/tibby-geschnitten.png\" alt=\"\">\n\t\t\t\t\t\t<div class=\"textWrap\">\n\t\t\t\t\t\t\t<h3>Tibby<\/h3>\n<p>Tibby est arriv\u00e9e chez nous \u00e0 l&#8217;\u00e2ge respectable de 40 ans. Nous nous r\u00e9jouissions chaque jour de cette petite jument s\u00fbre d&#8217;elle. Malgr\u00e9 son grand \u00e2ge, elle \u00e9tait en bonne sant\u00e9 et a v\u00e9cu encore quelques belles ann\u00e9es \u00e0 la ferme \u00e9thique.<\/p>\n\t\t\t\t\t\t<\/div>\n\t\t\t\t\t<\/div>\n\t\t\t\t\t\t\t\t\t<div class=\"col-xs-12 col-sm-6 col-md-4 maTo3\">\n\t\t\t\t\t\t\t\t\t\t\t\t<img decoding=\"async\" src=\"https:\/\/www.stiftung-mensch-und-tier.ch\/wp-content\/uploads\/2023\/01\/Amira-Stiftung-Mensch-und-Tier-575x767.jpg\" alt=\"\">\n\t\t\t\t\t\t<div class=\"textWrap\">\n\t\t\t\t\t\t\t<h3>Amira<\/h3>\n<p>Notre petite princesse, c&#8217;est la signification de son nom, \u00e9tait une brebis de montagne brun noir, n\u00e9e en 2010.<\/p>\n<p>Amira a v\u00e9cu encore de nombreuses belles ann\u00e9es dans notre groupe de moutons. Elle se distinguait par son caract\u00e8re affectueux et son expression faciale bienveillante.<\/p>\n\t\t\t\t\t\t<\/div>\n\t\t\t\t\t<\/div>\n\t\t\t\t\t\t\t\t\t<div class=\"col-xs-12 col-sm-6 col-md-4 maTo3\">\n\t\t\t\t\t\t\t\t\t\t\t\t<img decoding=\"async\" src=\"https:\/\/www.stiftung-mensch-und-tier.ch\/wp-content\/uploads\/2023\/07\/tibbyundmadras.jpg\" alt=\"\">\n\t\t\t\t\t\t<div class=\"textWrap\">\n\t\t\t\t\t\t\t<h3>Madras<\/h3>\n<p>Le poney blanc est arriv\u00e9 chez nous en m\u00eame temps que Madras, comme on peut le voir sur la photo. Madras n\u00e9cessitait des soins intensifs et attentifs 24 heures sur 24 en raison de sa tendance aux coliques.<\/p>\n<p>&nbsp;<\/p>\n\t\t\t\t\t\t<\/div>\n\t\t\t\t\t<\/div>\n\t\t\t\t\t\t\t\t\t<div class=\"col-xs-12 col-sm-6 col-md-4 maTo3\">\n\t\t\t\t\t\t\t\t\t\t\t\t<img decoding=\"async\" src=\"https:\/\/www.stiftung-mensch-und-tier.ch\/wp-content\/uploads\/2025\/06\/Sabio-Website.jpg\" alt=\"\">\n\t\t\t\t\t\t<div class=\"textWrap\">\n\t\t\t\t\t\t\t<h3>Sabio<\/h3>\n<p>En f\u00e9vrier 2020, nous avons d\u00e9couvert Sabio, un cheval andalou. Voici son histoire : le propri\u00e9taire de Sabio est d\u00e9c\u00e9d\u00e9 l&#8217;automne de 2019 et les membres de sa famille n&#8217;\u00e9taient pas en mesure de s&#8217;occuper de Sabio. Le hongre de 21 ans a alors \u00e9t\u00e9 plac\u00e9 dans un groupe de chevaux o\u00f9 il n&#8217;osait presque plus manger et o\u00f9 il \u00e9tait tellement attaqu\u00e9 qu&#8217;il a perdu la vue du c\u00f4t\u00e9 gauche. Personne ne s&#8217;est int\u00e9ress\u00e9 \u00e0 lui et \u00e0 son sort.<\/p>\n<p>Lorsque nous avons rencontr\u00e9 Sabio, nous avons imm\u00e9diatement pris en charge ce hongre compl\u00e8tement amaigri. Malgr\u00e9 son \u00e9tat dramatique, il a cherch\u00e9 \u00e0 se rapprocher des gens et nous a montr\u00e9 par sa confiance et sa sociabilit\u00e9 qu&#8217;il avait \u00e9t\u00e9 aim\u00e9 autrefois. Sabio \u00e9tait un v\u00e9ritable tr\u00e9sor. Il est d\u00e9c\u00e9d\u00e9 en mars 2025.<\/p>\n\t\t\t\t\t\t<\/div>\n\t\t\t\t\t<\/div>\n\t\t\t\t\t\t\t\t\t<div class=\"col-xs-12 col-sm-6 col-md-4 maTo3\">\n\t\t\t\t\t\t\t\t\t\t\t\t<img decoding=\"async\" src=\"https:\/\/www.stiftung-mensch-und-tier.ch\/wp-content\/uploads\/2023\/01\/IMG_5709-767x575.jpg\" alt=\"\">\n\t\t\t\t\t\t<div class=\"textWrap\">\n\t\t\t\t\t\t\t<h3>Sunday<\/h3>\n<p>Le chat tigr\u00e9 \u00e0 la t\u00eate large se montrait de plus en plus souvent chez nous, \u00e0 la ferme \u00e9thique, au grand dam de nos chats au d\u00e9but.<\/p>\n<p>Un jour, nous avons remarqu\u00e9 une grosse blessure \u00e0 son cou. Nous avons r\u00e9ussi \u00e0 l&#8217;attraper et \u00e0 l&#8217;emmener \u00e0 la clinique v\u00e9t\u00e9rinaire. Nous lui avons rapidement trouv\u00e9 un nom : \u00ab Sunday \u00bb, car c&#8217;\u00e9tait justement un dimanche soir. Malheureusement, nous n&#8217;avons pas r\u00e9ussi \u00e0 retrouver son propri\u00e9taire.<\/p>\n<p>Contre toute attente, le chat n&#8217;a pas pris la fuite apr\u00e8s sa gu\u00e9rison, mais a choisi la ferme \u00e9thique pour animaux en d\u00e9tresse comme nouveau foyer. Il pr\u00e9f\u00e8re rester \u00e0 l&#8217;int\u00e9rieur, o\u00f9 il aime se mettre \u00e0 l&#8217;aise. Nous n&#8217;avons jamais rencontr\u00e9 de chat qui appr\u00e9cie autant son foyer. Il est d\u00e9c\u00e9d\u00e9 en d\u00e9cembre 2025.<\/p>\n\t\t\t\t\t\t<\/div>\n\t\t\t\t\t<\/div>\n\t\t\t\t\t\t\t\t\t<div class=\"col-xs-12 col-sm-6 col-md-4 maTo3\">\n\t\t\t\t\t\t\t\t\t\t\t\t<img decoding=\"async\" src=\"https:\/\/www.stiftung-mensch-und-tier.ch\/wp-content\/uploads\/2024\/09\/8-575x767.jpg\" alt=\"\">\n\t\t\t\t\t\t<div class=\"textWrap\">\n\t\t\t\t\t\t\t<p>Courageux comme \u00ab Chevalier Georges \u00bb, le jeune chat est arriv\u00e9 chez nous au Nouvel An 2010. Nous estimons qu&#8217;il est n\u00e9 au printemps 2009. Il a trouv\u00e9 lui-m\u00eame son nouveau foyer \u00e0 la ferme \u00e9thique de la fondation Mensch und Tier, sur ses petites pattes blanches, et l&#8217;a conquis en miaulant bruyamment.<\/p>\n<p>Il est int\u00e9ressant de noter que notre groupe de chats a int\u00e9gr\u00e9 sans probl\u00e8me ce chaton affam\u00e9, en d\u00e9tresse et plein de vers.<\/p>\n<p>Malheureusement, le chat n&#8217;avait pas de puce \u00e9lectronique et nous n&#8217;avons donc pas pu retrouver ses propri\u00e9taires. Personne ne l&#8217;a non plus recherch\u00e9 aupr\u00e8s du bureau des animaux trouv\u00e9s. Georg est d\u00e9sormais \u00e9galement sous notre garde et se porte \u00e0 merveille !<\/p>\n<p>Georg est malheureusement d\u00e9c\u00e9d\u00e9 en janvier 2026. <\/p>\n\t\t\t\t\t\t<\/div>\n\t\t\t\t\t<\/div>\n\t\t\t\t\t\t<\/div>\n\t<\/div>\n<\/section>\n","protected":false},"excerpt":{"rendered":"","protected":false},"author":2,"featured_media":0,"parent":0,"menu_order":0,"comment_status":"closed","ping_status":"closed","template":"","meta":{"_acf_changed":false,"inline_featured_image":false,"footnotes":""},"class_list":["post-2653","page","type-page","status-publish","hentry"],"acf":[],"_links":{"self":[{"href":"https:\/\/www.stiftung-mensch-und-tier.ch\/fr\/wp-json\/wp\/v2\/pages\/2653","targetHints":{"allow":["GET"]}}],"collection":[{"href":"https:\/\/www.stiftung-mensch-und-tier.ch\/fr\/wp-json\/wp\/v2\/pages"}],"about":[{"href":"https:\/\/www.stiftung-mensch-und-tier.ch\/fr\/wp-json\/wp\/v2\/types\/page"}],"author":[{"embeddable":true,"href":"https:\/\/www.stiftung-mensch-und-tier.ch\/fr\/wp-json\/wp\/v2\/users\/2"}],"replies":[{"embeddable":true,"href":"https:\/\/www.stiftung-mensch-und-tier.ch\/fr\/wp-json\/wp\/v2\/comments?post=2653"}],"version-history":[{"count":18,"href":"https:\/\/www.stiftung-mensch-und-tier.ch\/fr\/wp-json\/wp\/v2\/pages\/2653\/revisions"}],"predecessor-version":[{"id":4139,"href":"https:\/\/www.stiftung-mensch-und-tier.ch\/fr\/wp-json\/wp\/v2\/pages\/2653\/revisions\/4139"}],"wp:attachment":[{"href":"https:\/\/www.stiftung-mensch-und-tier.ch\/fr\/wp-json\/wp\/v2\/media?parent=2653"}],"curies":[{"name":"wp","href":"https:\/\/api.w.org\/{rel}","templated":true}]}}